{"id":103,"date":"2020-09-23T14:41:42","date_gmt":"2020-09-23T12:41:42","guid":{"rendered":"https:\/\/architekten-fwsp.de\/?page_id=103"},"modified":"2026-03-03T13:54:36","modified_gmt":"2026-03-03T12:54:36","slug":"energieberatung","status":"publish","type":"page","link":"https:\/\/architekten-fwsp.de\/?page_id=103","title":{"rendered":"Energieberatung"},"content":{"rendered":"<p>[et_pb_section fb_built=&#8220;1&#8243; fullwidth=&#8220;on&#8220; _builder_version=&#8220;4.16&#8243; _module_preset=&#8220;default&#8220; box_shadow_style=&#8220;preset1&#8243; box_shadow_vertical=&#8220;14px&#8220; box_shadow_blur=&#8220;31px&#8220; box_shadow_spread=&#8220;5px&#8220; global_colors_info=&#8220;{}&#8220;][et_pb_fullwidth_header header_scroll_down=&#8220;on&#8220; scroll_down_icon=&#8220;%%8%%&#8220; scroll_down_icon_color=&#8220;#ffffff&#8220; scroll_down_icon_size=&#8220;30px&#8220; scroll_down_icon_tablet=&#8220;&#8220; scroll_down_icon_phone=&#8220;&#8220; scroll_down_icon_last_edited=&#8220;on|phone&#8220; _builder_version=&#8220;4.16&#8243; _module_preset=&#8220;default&#8220; title_font=&#8220;|||on|||||&#8220; title_text_align=&#8220;center&#8220; title_text_color=&#8220;#55ac41&#8243; title_font_size=&#8220;80px&#8220; title_letter_spacing=&#8220;10px&#8220; background_enable_color=&#8220;off&#8220; background_image=&#8220;https:\/\/architekten-fwsp.de\/wp-content\/uploads\/2020\/11\/energie-header.jpg&#8220; min_height=&#8220;100%&#8220; height=&#8220;100%&#8220; custom_margin=&#8220;10px||||false|false&#8220; custom_padding=&#8220;500px||250px||false|false&#8220; custom_padding_tablet=&#8220;&#8220; custom_padding_phone=&#8220;70px||100px||false|false&#8220; custom_padding_last_edited=&#8220;on|phone&#8220; title_text_shadow_style=&#8220;preset3&#8243; global_colors_info=&#8220;{}&#8220;][\/et_pb_fullwidth_header][\/et_pb_section][et_pb_section fb_built=&#8220;1&#8243; _builder_version=&#8220;4.16&#8243; _module_preset=&#8220;default&#8220; custom_padding=&#8220;0px||0px||true|false&#8220; global_colors_info=&#8220;{}&#8220;][et_pb_row _builder_version=&#8220;4.16&#8243; _module_preset=&#8220;default&#8220; global_colors_info=&#8220;{}&#8220;][et_pb_column type=&#8220;4_4&#8243; _builder_version=&#8220;4.16&#8243; _module_preset=&#8220;default&#8220; global_colors_info=&#8220;{}&#8220;][\/et_pb_column][\/et_pb_row][\/et_pb_section][et_pb_section fb_built=&#8220;1&#8243; custom_padding_last_edited=&#8220;on|phone&#8220; _builder_version=&#8220;4.16&#8243; _module_preset=&#8220;default&#8220; custom_padding_tablet=&#8220;&#8220; custom_padding_phone=&#8220;0px||||false|false&#8220; bottom_divider_style=&#8220;ramp2&#8243; bottom_divider_color=&#8220;#55ac41&#8243; bottom_divider_height=&#8220;89px&#8220; global_colors_info=&#8220;{}&#8220;][et_pb_row _builder_version=&#8220;4.16&#8243; _module_preset=&#8220;default&#8220; global_colors_info=&#8220;{}&#8220;][et_pb_column type=&#8220;4_4&#8243; _builder_version=&#8220;4.16&#8243; _module_preset=&#8220;default&#8220; global_colors_info=&#8220;{}&#8220;][et_pb_text _builder_version=&#8220;4.16&#8243; text_font=&#8220;||||||||&#8220; header_font=&#8220;||||||||&#8220; header_3_font=&#8220;Karla|700||on|||||&#8220; header_3_text_color=&#8220;#55ac41&#8243; header_3_font_size=&#8220;16px&#8220; header_3_letter_spacing=&#8220;1px&#8220; background_layout=&#8220;dark&#8220; module_alignment=&#8220;left&#8220; custom_margin=&#8220;||20px|&#8220; locked=&#8220;off&#8220; global_colors_info=&#8220;{}&#8220;]<\/p>\n<h3>Energieberatung<\/h3>\n<p>[\/et_pb_text][et_pb_text _builder_version=&#8220;4.16&#8243; text_font=&#8220;Poppins||||||||&#8220; text_text_color=&#8220;#262626&#8243; text_font_size=&#8220;18px&#8220; text_line_height=&#8220;1.8em&#8220; header_font=&#8220;Poppins||||||||&#8220; header_text_color=&#8220;#262626&#8243; header_font_size=&#8220;38px&#8220; header_line_height=&#8220;1.4em&#8220; header_2_font=&#8220;||||||||&#8220; header_3_font=&#8220;||||||||&#8220; max_width=&#8220;600px&#8220; custom_margin=&#8220;||0px||false|false&#8220; custom_padding=&#8220;||0px||false|false&#8220; header_font_size_tablet=&#8220;40px&#8220; header_font_size_phone=&#8220;26px&#8220; header_font_size_last_edited=&#8220;on|tablet&#8220; locked=&#8220;off&#8220; global_colors_info=&#8220;{}&#8220;]<\/p>\n<h1>Unser Leistungsportfolio f\u00fcr Sie<\/h1>\n<p>[\/et_pb_text][\/et_pb_column][\/et_pb_row][et_pb_row column_structure=&#8220;1_2,1_2&#8243; _builder_version=&#8220;4.16&#8243; _module_preset=&#8220;default&#8220; global_colors_info=&#8220;{}&#8220;][et_pb_column type=&#8220;1_2&#8243; _builder_version=&#8220;4.16&#8243; _module_preset=&#8220;default&#8220; custom_padding=&#8220;20px|20px|20px|20px|false|false&#8220; border_radii=&#8220;on|14px|14px|14px|14px&#8220; border_width_all=&#8220;2px&#8220; border_color_all=&#8220;#262626&#8243; box_shadow_style=&#8220;preset1&#8243; global_colors_info=&#8220;{}&#8220;][et_pb_blurb title=&#8220;Wohngeb\u00e4ude&#8220; use_icon=&#8220;on&#8220; font_icon=&#8220;&#xe074;||divi||400&#8243; icon_color=&#8220;#262626&#8243; image_icon_background_color=&#8220;#55ac41&#8243; image_icon_width=&#8220;48px&#8220; admin_label=&#8220;Informationstext&#8220; _builder_version=&#8220;4.16&#8243; _module_preset=&#8220;default&#8220; header_text_align=&#8220;center&#8220; header_text_color=&#8220;#262626&#8243; body_font_size=&#8220;16px&#8220; image_icon_custom_padding=&#8220;25px|25px|25px|25px|false|false&#8220; border_radii_image=&#8220;on|100%|100%|100%|100%&#8220; use_circle=&#8220;on&#8220; global_colors_info=&#8220;{}&#8220; image_icon_background_color__sticky_enabled=&#8220;#55ac41&#8243; image_icon_background_color__sticky=&#8220;#55ac41&#8243;]Leistungen f\u00fcr Privatpersonen und Eigent\u00fcmer von Wohngeb\u00e4uden<br \/>\n[\/et_pb_blurb][et_pb_text _builder_version=&#8220;4.16&#8243; _module_preset=&#8220;default&#8220; header_4_text_color=&#8220;#55ac41&#8243; global_colors_info=&#8220;{}&#8220;]<\/p>\n<h4>Energieberatung<\/h4>\n<ul>\n<li>Energieberatung f\u00fcr Wohngeb\u00e4ude (BAFA)<\/li>\n<\/ul>\n<p>[\/et_pb_text][et_pb_text _builder_version=&#8220;4.16&#8243; _module_preset=&#8220;default&#8220; header_4_text_color=&#8220;#55ac41&#8243; global_colors_info=&#8220;{}&#8220;]<\/p>\n<h4>Energieeffizient bauen und sanieren<\/h4>\n<ul>\n<li>KfW-Effizienzhaus<\/li>\n<li>KfW- Einzelma\u00dfnahmen (W\u00e4rmed\u00e4mmung, Fenster und T\u00fcren, Heizung, L\u00fcftung)<\/li>\n<li>Energetische Baubegleitung (KfW-Effizienzh\u00e4user)<\/li>\n<li>Energieausweise und Nachweise f\u00fcr verschiedene \u00c4mter<\/li>\n<li>Sanierungsfahrplan Baden-W\u00fcrttemberg<\/li>\n<\/ul>\n<p>[\/et_pb_text][\/et_pb_column][et_pb_column type=&#8220;1_2&#8243; _builder_version=&#8220;4.16&#8243; _module_preset=&#8220;default&#8220; custom_padding=&#8220;20px|20px|20px|20px|false|false&#8220; border_radii=&#8220;on|14px|14px|14px|14px&#8220; border_width_all=&#8220;2px&#8220; border_color_all=&#8220;#262626&#8243; box_shadow_style=&#8220;preset1&#8243; global_colors_info=&#8220;{}&#8220;][et_pb_blurb title=&#8220;Nichtwohngeb\u00e4ude&#8220; use_icon=&#8220;on&#8220; font_icon=&#8220;&#xe035;||divi||400&#8243; icon_color=&#8220;#262626&#8243; image_icon_background_color=&#8220;#55ac41&#8243; image_icon_width=&#8220;48px&#8220; _builder_version=&#8220;4.16&#8243; _module_preset=&#8220;default&#8220; header_text_align=&#8220;center&#8220; header_text_color=&#8220;#262626&#8243; body_font_size=&#8220;16px&#8220; image_icon_custom_padding=&#8220;25px|25px|25px|25px|false|false&#8220; border_radii_image=&#8220;on|100%|100%|100%|100%&#8220; use_circle=&#8220;on&#8220; global_colors_info=&#8220;{}&#8220; image_icon_background_color__sticky_enabled=&#8220;#55ac41&#8243; image_icon_background_color__sticky=&#8220;#55ac41&#8243;]Leistungen f\u00fcr Unternehmen, Kommunen und Eigent\u00fcmer von Nichtwohngeb\u00e4uden<br \/>\n[\/et_pb_blurb][et_pb_text admin_label=&#8220;Text&#8220; _builder_version=&#8220;4.16&#8243; _module_preset=&#8220;default&#8220; header_4_text_color=&#8220;#55ac41&#8243; global_colors_info=&#8220;{}&#8220;]<\/p>\n<h4>Energieeffizient bauen und sanieren<\/h4>\n<ul>\n<li>KfW-Effizienzgeb\u00e4ude<\/li>\n<li>KfW- Einzelma\u00dfnahmen<\/li>\n<\/ul>\n<p>&#8211; W\u00e4rmed\u00e4mmung<br \/>\n&#8211; Fenster, T\u00fcren, Sonnenschutz<br \/>\n&#8211; L\u00fcftung und Klima<br \/>\n&#8211; W\u00e4rme und K\u00e4lte<br \/>\n&#8211; Beleuchtung<\/p>\n<p>&nbsp;<\/p>\n<p>&nbsp;<br \/>\n[\/et_pb_text][\/et_pb_column][\/et_pb_row][\/et_pb_section][et_pb_section fb_built=&#8220;1&#8243; _builder_version=&#8220;4.16&#8243; _module_preset=&#8220;default&#8220; bottom_divider_style=&#8220;ramp2&#8243; bottom_divider_color=&#8220;#55ac41&#8243; bottom_divider_flip=&#8220;horizontal&#8220; global_colors_info=&#8220;{}&#8220;][et_pb_row _builder_version=&#8220;4.16&#8243; _module_preset=&#8220;default&#8220; global_colors_info=&#8220;{}&#8220;][et_pb_column type=&#8220;4_4&#8243; _builder_version=&#8220;4.16&#8243; _module_preset=&#8220;default&#8220; global_colors_info=&#8220;{}&#8220;][et_pb_text _builder_version=&#8220;4.16&#8243; text_font=&#8220;Poppins||||||||&#8220; text_text_color=&#8220;#262626&#8243; text_font_size=&#8220;18px&#8220; text_line_height=&#8220;1.8em&#8220; header_font=&#8220;Poppins||||||||&#8220; header_text_color=&#8220;#262626&#8243; header_font_size=&#8220;38px&#8220; header_line_height=&#8220;1.4em&#8220; header_2_font=&#8220;||||||||&#8220; header_3_font=&#8220;||||||||&#8220; header_font_size_tablet=&#8220;40px&#8220; header_font_size_phone=&#8220;26px&#8220; header_font_size_last_edited=&#8220;on|tablet&#8220; locked=&#8220;off&#8220; global_colors_info=&#8220;{}&#8220;]<\/p>\n<h1>Energieberatung f\u00fcr Wohngeb\u00e4ude und Nichtwohngeb\u00e4ude<\/h1>\n<p>[\/et_pb_text][et_pb_text _builder_version=&#8220;4.27.6&#8243; _module_preset=&#8220;default&#8220; text_font=&#8220;Poppins||||||||&#8220; text_text_color=&#8220;#262626&#8243; text_font_size=&#8220;16px&#8220; global_colors_info=&#8220;{}&#8220;]<\/p>\n<p>Die Energieeinsparung wird immer relevanter, weshalb eine gut durchdachte und effiziente Energieplanung immer wichtiger wird. Damit schonen Sie bei stetig steigenden Energiekosten mittel- bis langfristig nicht nur Ihren Geldbeutel, Sie tun auch der Umwelt etwas Gutes.<\/p>\n<p>Deshalb haben wir uns bereits 2015 dazu entschlossen, Ihnen eine fundierte Energieberatung anzubieten. In diesem Zusammenhang haben wir beim &#8222;<a href=\"https:\/\/oekozentrum.nrw\/\" target=\"_blank\" rel=\"noopener noreferrer\">\u00d6kozentrum Nordrhein-Westfalen<\/a>&#8220; und bei der &#8222;<a href=\"https:\/\/akading.de\" target=\"_blank\" rel=\"noopener noreferrer\">Akademie f\u00fcr Ingenieure<\/a>&#8220; entsprechende Kompetenzen erworben und uns zertifizieren lassen.<\/p>\n<p>Wir lassen dieses Wissen in die Planung neuer Geb\u00e4ude und in die Sanierung bestehender Bauten einflie\u00dfen, bieten diese Dienstleistung jedoch auch separat an.<\/p>\n<p>Sollten Sie diesbez\u00fcgliche Fragen haben, nehmen Sie gerne unverbindlich <a href=\"\/kontakt\">Kontakt<\/a> mit uns auf. Ihre Ansprechpartnerin ist Frau Ute Widmann.<\/p>\n<p>[\/et_pb_text][\/et_pb_column][\/et_pb_row][et_pb_row _builder_version=&#8220;4.16&#8243; _module_preset=&#8220;default&#8220; custom_padding=&#8220;||0px||false|false&#8220; global_colors_info=&#8220;{}&#8220;][et_pb_column type=&#8220;4_4&#8243; _builder_version=&#8220;4.16&#8243; _module_preset=&#8220;default&#8220; global_colors_info=&#8220;{}&#8220;][et_pb_text _builder_version=&#8220;4.16&#8243; text_font=&#8220;||||||||&#8220; header_font=&#8220;||||||||&#8220; header_3_font=&#8220;Karla|700||on|||||&#8220; header_3_text_color=&#8220;#55ac41&#8243; header_3_font_size=&#8220;16px&#8220; header_3_letter_spacing=&#8220;1px&#8220; background_layout=&#8220;dark&#8220; max_width=&#8220;600px&#8220; module_alignment=&#8220;left&#8220; custom_margin=&#8220;||0px||false|false&#8220; custom_padding=&#8220;||0px||false|false&#8220; locked=&#8220;off&#8220; global_colors_info=&#8220;{}&#8220;]<\/p>\n<h3>Ansprechpartnerin<\/h3>\n<p>[\/et_pb_text][\/et_pb_column][\/et_pb_row][et_pb_row column_structure=&#8220;1_3,2_3&#8243; _builder_version=&#8220;4.16&#8243; _module_preset=&#8220;default&#8220; global_colors_info=&#8220;{}&#8220;][et_pb_column type=&#8220;1_3&#8243; _builder_version=&#8220;4.16&#8243; _module_preset=&#8220;default&#8220; global_colors_info=&#8220;{}&#8220;][et_pb_image src=&#8220;https:\/\/architekten-fwsp.de\/wp-content\/uploads\/2020\/09\/widmann-sw.jpg&#8220; title_text=&#8220;widmann-sw&#8220; _builder_version=&#8220;4.16&#8243; _module_preset=&#8220;default&#8220; box_shadow_style=&#8220;preset1&#8243; global_colors_info=&#8220;{}&#8220;][\/et_pb_image][\/et_pb_column][et_pb_column type=&#8220;2_3&#8243; _builder_version=&#8220;4.16&#8243; _module_preset=&#8220;default&#8220; global_colors_info=&#8220;{}&#8220;][et_pb_text _builder_version=&#8220;4.16&#8243; _module_preset=&#8220;default&#8220; global_colors_info=&#8220;{}&#8220;]<\/p>\n<h3>Ihre Ansprechpartnerin Ute Widmann<\/h3>\n<p>[\/et_pb_text][et_pb_text _builder_version=&#8220;4.16&#8243; _module_preset=&#8220;default&#8220; text_text_color=&#8220;#262626&#8243; text_font_size=&#8220;16px&#8220; global_colors_info=&#8220;{}&#8220;]<\/p>\n<p>&#8211; Koordinatorin nachhaltiges Bauen<br \/>&#8211; zertifizierte Energieberaterin<\/p>\n<p><a href=\"tel:+491726470606\">+49(0)172 6470606<\/a><\/p>\n<p><a href=\"mailto:widmann@architekten-fwsp.de\">E-Mail<\/a><\/p>\n<p>[\/et_pb_text][et_pb_image src=&#8220;https:\/\/architekten-fwsp.de\/wp-content\/uploads\/2020\/12\/Logo_oeko.jpg&#8220; alt=&#8220;Logo \u00d6ko Zentrum NRW&#8220; title_text=&#8220;Logo_oeko&#8220; _builder_version=&#8220;4.16&#8243; _module_preset=&#8220;default&#8220; global_colors_info=&#8220;{}&#8220;][\/et_pb_image][et_pb_image src=&#8220;https:\/\/architekten-fwsp.de\/wp-content\/uploads\/2020\/12\/Logo_Akademie.jpg&#8220; alt=&#8220;Logo Akademie der Ingenieure&#8220; title_text=&#8220;Logo_Akademie&#8220; _builder_version=&#8220;4.16&#8243; _module_preset=&#8220;default&#8220; global_colors_info=&#8220;{}&#8220;][\/et_pb_image][\/et_pb_column][\/et_pb_row][\/et_pb_section]<\/p>\n","protected":false},"excerpt":{"rendered":"<p>Energieberatung Unser Leistungsportfolio f\u00fcr Sie Leistungen f\u00fcr Privatpersonen und Eigent\u00fcmer von Wohngeb\u00e4uden Energieberatung Energieberatung f\u00fcr Wohngeb\u00e4ude (BAFA) Energieeffizient bauen und sanieren KfW-Effizienzhaus KfW- Einzelma\u00dfnahmen (W\u00e4rmed\u00e4mmung, Fenster und T\u00fcren, Heizung, L\u00fcftung) Energetische Baubegleitung (KfW-Effizienzh\u00e4user) Energieausweise und Nachweise f\u00fcr verschiedene \u00c4mter Sanierungsfahrplan Baden-W\u00fcrttemberg Leistungen f\u00fcr Unternehmen, Kommunen und Eigent\u00fcmer von Nichtwohngeb\u00e4uden Energieeffizient bauen und sanieren KfW-Effizienzgeb\u00e4ude KfW- [&hellip;]<\/p>\n","protected":false},"author":1,"featured_media":1491,"parent":0,"menu_order":0,"comment_status":"closed","ping_status":"closed","template":"","meta":{"_et_pb_use_builder":"on","_et_pb_old_content":"","_et_gb_content_width":"","footnotes":""},"class_list":["post-103","page","type-page","status-publish","has-post-thumbnail","hentry"],"yoast_head":"<!-- This site is optimized with the Yoast SEO plugin v22.9 - https:\/\/yoast.com\/wordpress\/plugins\/seo\/ -->\n<title>Architekten FWSP in Holzgerlingen: Energieberatung<\/title>\n<meta name=\"description\" content=\"Ob bei Neubau, Umbau oder Sanierung: Wir bieten eine umfassende Energieberatung, damit Sie zuk\u00fcnftig auf der sicheren Seite sind.\" \/>\n<meta name=\"robots\" content=\"index, follow, max-snippet:-1, max-image-preview:large, max-video-preview:-1\" \/>\n<link rel=\"canonical\" href=\"https:\/\/architekten-fwsp.de\/?page_id=103\" \/>\n<meta property=\"og:locale\" content=\"de_DE\" \/>\n<meta property=\"og:type\" content=\"article\" \/>\n<meta property=\"og:title\" content=\"Architekten FWSP in Holzgerlingen: Energieberatung\" \/>\n<meta property=\"og:description\" content=\"Ob bei Neubau, Umbau oder Sanierung: Wir bieten eine umfassende Energieberatung, damit Sie zuk\u00fcnftig auf der sicheren Seite sind.\" \/>\n<meta property=\"og:url\" content=\"https:\/\/architekten-fwsp.de\/?page_id=103\" \/>\n<meta property=\"og:site_name\" content=\"Architekten FWSP\" \/>\n<meta property=\"article:modified_time\" content=\"2026-03-03T12:54:36+00:00\" \/>\n<meta property=\"og:image\" content=\"https:\/\/architekten-fwsp.de\/wp-content\/uploads\/2021\/02\/energie-vorschau.jpg\" \/>\n\t<meta property=\"og:image:width\" content=\"1200\" \/>\n\t<meta property=\"og:image:height\" content=\"800\" \/>\n\t<meta property=\"og:image:type\" content=\"image\/jpeg\" \/>\n<meta name=\"twitter:card\" content=\"summary_large_image\" \/>\n<meta name=\"twitter:label1\" content=\"Gesch\u00e4tzte Lesezeit\" \/>\n\t<meta name=\"twitter:data1\" content=\"2\u00a0Minuten\" \/>\n<script type=\"application\/ld+json\" class=\"yoast-schema-graph\">{\"@context\":\"https:\/\/schema.org\",\"@graph\":[{\"@type\":\"WebPage\",\"@id\":\"https:\/\/architekten-fwsp.de\/?page_id=103\",\"url\":\"https:\/\/architekten-fwsp.de\/?page_id=103\",\"name\":\"Architekten FWSP in Holzgerlingen: Energieberatung\",\"isPartOf\":{\"@id\":\"https:\/\/architekten-fwsp.de\/#website\"},\"primaryImageOfPage\":{\"@id\":\"https:\/\/architekten-fwsp.de\/?page_id=103#primaryimage\"},\"image\":{\"@id\":\"https:\/\/architekten-fwsp.de\/?page_id=103#primaryimage\"},\"thumbnailUrl\":\"https:\/\/architekten-fwsp.de\/wp-content\/uploads\/2021\/02\/energie-vorschau.jpg\",\"datePublished\":\"2020-09-23T12:41:42+00:00\",\"dateModified\":\"2026-03-03T12:54:36+00:00\",\"description\":\"Ob bei Neubau, Umbau oder Sanierung: Wir bieten eine umfassende Energieberatung, damit Sie zuk\u00fcnftig auf der sicheren Seite sind.\",\"breadcrumb\":{\"@id\":\"https:\/\/architekten-fwsp.de\/?page_id=103#breadcrumb\"},\"inLanguage\":\"de\",\"potentialAction\":[{\"@type\":\"ReadAction\",\"target\":[\"https:\/\/architekten-fwsp.de\/?page_id=103\"]}]},{\"@type\":\"ImageObject\",\"inLanguage\":\"de\",\"@id\":\"https:\/\/architekten-fwsp.de\/?page_id=103#primaryimage\",\"url\":\"https:\/\/architekten-fwsp.de\/wp-content\/uploads\/2021\/02\/energie-vorschau.jpg\",\"contentUrl\":\"https:\/\/architekten-fwsp.de\/wp-content\/uploads\/2021\/02\/energie-vorschau.jpg\",\"width\":1200,\"height\":800,\"caption\":\"Vorschaubild Energieberatung\"},{\"@type\":\"BreadcrumbList\",\"@id\":\"https:\/\/architekten-fwsp.de\/?page_id=103#breadcrumb\",\"itemListElement\":[{\"@type\":\"ListItem\",\"position\":1,\"name\":\"Startseite\",\"item\":\"https:\/\/architekten-fwsp.de\/\"},{\"@type\":\"ListItem\",\"position\":2,\"name\":\"Energieberatung\"}]},{\"@type\":\"WebSite\",\"@id\":\"https:\/\/architekten-fwsp.de\/#website\",\"url\":\"https:\/\/architekten-fwsp.de\/\",\"name\":\"Architekten FWSP\",\"description\":\"Ihr Architekturb\u00fcro f\u00fcr Wohnbau, Gewerbebau, \u00f6ffentliche Bauten, Sanierungen und f\u00fcr Energieberatung\",\"potentialAction\":[{\"@type\":\"SearchAction\",\"target\":{\"@type\":\"EntryPoint\",\"urlTemplate\":\"https:\/\/architekten-fwsp.de\/?s={search_term_string}\"},\"query-input\":\"required name=search_term_string\"}],\"inLanguage\":\"de\"}]}<\/script>\n<!-- \/ Yoast SEO plugin. -->","yoast_head_json":{"title":"Architekten FWSP in Holzgerlingen: Energieberatung","description":"Ob bei Neubau, Umbau oder Sanierung: Wir bieten eine umfassende Energieberatung, damit Sie zuk\u00fcnftig auf der sicheren Seite sind.","robots":{"index":"index","follow":"follow","max-snippet":"max-snippet:-1","max-image-preview":"max-image-preview:large","max-video-preview":"max-video-preview:-1"},"canonical":"https:\/\/architekten-fwsp.de\/?page_id=103","og_locale":"de_DE","og_type":"article","og_title":"Architekten FWSP in Holzgerlingen: Energieberatung","og_description":"Ob bei Neubau, Umbau oder Sanierung: Wir bieten eine umfassende Energieberatung, damit Sie zuk\u00fcnftig auf der sicheren Seite sind.","og_url":"https:\/\/architekten-fwsp.de\/?page_id=103","og_site_name":"Architekten FWSP","article_modified_time":"2026-03-03T12:54:36+00:00","og_image":[{"width":1200,"height":800,"url":"https:\/\/architekten-fwsp.de\/wp-content\/uploads\/2021\/02\/energie-vorschau.jpg","type":"image\/jpeg"}],"twitter_card":"summary_large_image","twitter_misc":{"Gesch\u00e4tzte Lesezeit":"2\u00a0Minuten"},"schema":{"@context":"https:\/\/schema.org","@graph":[{"@type":"WebPage","@id":"https:\/\/architekten-fwsp.de\/?page_id=103","url":"https:\/\/architekten-fwsp.de\/?page_id=103","name":"Architekten FWSP in Holzgerlingen: Energieberatung","isPartOf":{"@id":"https:\/\/architekten-fwsp.de\/#website"},"primaryImageOfPage":{"@id":"https:\/\/architekten-fwsp.de\/?page_id=103#primaryimage"},"image":{"@id":"https:\/\/architekten-fwsp.de\/?page_id=103#primaryimage"},"thumbnailUrl":"https:\/\/architekten-fwsp.de\/wp-content\/uploads\/2021\/02\/energie-vorschau.jpg","datePublished":"2020-09-23T12:41:42+00:00","dateModified":"2026-03-03T12:54:36+00:00","description":"Ob bei Neubau, Umbau oder Sanierung: Wir bieten eine umfassende Energieberatung, damit Sie zuk\u00fcnftig auf der sicheren Seite sind.","breadcrumb":{"@id":"https:\/\/architekten-fwsp.de\/?page_id=103#breadcrumb"},"inLanguage":"de","potentialAction":[{"@type":"ReadAction","target":["https:\/\/architekten-fwsp.de\/?page_id=103"]}]},{"@type":"ImageObject","inLanguage":"de","@id":"https:\/\/architekten-fwsp.de\/?page_id=103#primaryimage","url":"https:\/\/architekten-fwsp.de\/wp-content\/uploads\/2021\/02\/energie-vorschau.jpg","contentUrl":"https:\/\/architekten-fwsp.de\/wp-content\/uploads\/2021\/02\/energie-vorschau.jpg","width":1200,"height":800,"caption":"Vorschaubild Energieberatung"},{"@type":"BreadcrumbList","@id":"https:\/\/architekten-fwsp.de\/?page_id=103#breadcrumb","itemListElement":[{"@type":"ListItem","position":1,"name":"Startseite","item":"https:\/\/architekten-fwsp.de\/"},{"@type":"ListItem","position":2,"name":"Energieberatung"}]},{"@type":"WebSite","@id":"https:\/\/architekten-fwsp.de\/#website","url":"https:\/\/architekten-fwsp.de\/","name":"Architekten FWSP","description":"Ihr Architekturb\u00fcro f\u00fcr Wohnbau, Gewerbebau, \u00f6ffentliche Bauten, Sanierungen und f\u00fcr Energieberatung","potentialAction":[{"@type":"SearchAction","target":{"@type":"EntryPoint","urlTemplate":"https:\/\/architekten-fwsp.de\/?s={search_term_string}"},"query-input":"required name=search_term_string"}],"inLanguage":"de"}]}},"_links":{"self":[{"href":"https:\/\/architekten-fwsp.de\/index.php?rest_route=\/wp\/v2\/pages\/103","targetHints":{"allow":["GET"]}}],"collection":[{"href":"https:\/\/architekten-fwsp.de\/index.php?rest_route=\/wp\/v2\/pages"}],"about":[{"href":"https:\/\/architekten-fwsp.de\/index.php?rest_route=\/wp\/v2\/types\/page"}],"author":[{"embeddable":true,"href":"https:\/\/architekten-fwsp.de\/index.php?rest_route=\/wp\/v2\/users\/1"}],"replies":[{"embeddable":true,"href":"https:\/\/architekten-fwsp.de\/index.php?rest_route=%2Fwp%2Fv2%2Fcomments&post=103"}],"version-history":[{"count":37,"href":"https:\/\/architekten-fwsp.de\/index.php?rest_route=\/wp\/v2\/pages\/103\/revisions"}],"predecessor-version":[{"id":1785,"href":"https:\/\/architekten-fwsp.de\/index.php?rest_route=\/wp\/v2\/pages\/103\/revisions\/1785"}],"wp:featuredmedia":[{"embeddable":true,"href":"https:\/\/architekten-fwsp.de\/index.php?rest_route=\/wp\/v2\/media\/1491"}],"wp:attachment":[{"href":"https:\/\/architekten-fwsp.de\/index.php?rest_route=%2Fwp%2Fv2%2Fmedia&parent=103"}],"curies":[{"name":"wp","href":"https:\/\/api.w.org\/{rel}","templated":true}]}}