{"id":1192,"date":"2020-12-23T10:46:23","date_gmt":"2020-12-23T09:46:23","guid":{"rendered":"https:\/\/architekten-fwsp.de\/?page_id=1192"},"modified":"2026-03-03T10:30:14","modified_gmt":"2026-03-03T09:30:14","slug":"impressum","status":"publish","type":"page","link":"https:\/\/architekten-fwsp.de\/?page_id=1192","title":{"rendered":"impressum"},"content":{"rendered":"<p>[et_pb_section fb_built=&#8220;1&#8243; _builder_version=&#8220;4.16&#8243; _module_preset=&#8220;default&#8220; global_colors_info=&#8220;{}&#8220;][\/et_pb_section][et_pb_section fb_built=&#8220;1&#8243; _builder_version=&#8220;4.16&#8243; _module_preset=&#8220;default&#8220; global_colors_info=&#8220;{}&#8220;][et_pb_row _builder_version=&#8220;4.16&#8243; _module_preset=&#8220;default&#8220; global_colors_info=&#8220;{}&#8220;][et_pb_column type=&#8220;4_4&#8243; _builder_version=&#8220;4.16&#8243; _module_preset=&#8220;default&#8220; global_colors_info=&#8220;{}&#8220;][et_pb_text _builder_version=&#8220;4.16&#8243; text_font=&#8220;||||||||&#8220; header_font=&#8220;||||||||&#8220; header_3_font=&#8220;Karla|700||on|||||&#8220; header_3_text_color=&#8220;#55ac41&#8243; header_3_font_size=&#8220;16px&#8220; header_3_letter_spacing=&#8220;1px&#8220; background_layout=&#8220;dark&#8220; max_width=&#8220;600px&#8220; module_alignment=&#8220;left&#8220; custom_margin=&#8220;||20px|&#8220; locked=&#8220;off&#8220; global_colors_info=&#8220;{}&#8220;]<\/p>\n<h3>Impressum<\/h3>\n<p>[\/et_pb_text][et_pb_text _builder_version=&#8220;4.27.6&#8243; text_font=&#8220;Poppins||||||||&#8220; text_text_color=&#8220;#262626&#8243; text_font_size=&#8220;18px&#8220; text_line_height=&#8220;1.8em&#8220; header_font=&#8220;Poppins||||||||&#8220; header_text_color=&#8220;#262626&#8243; header_font_size=&#8220;38px&#8220; header_line_height=&#8220;1.4em&#8220; header_2_font=&#8220;||||||||&#8220; header_3_font=&#8220;||||||||&#8220; max_width=&#8220;600px&#8220; header_font_size_tablet=&#8220;40px&#8220; header_font_size_phone=&#8220;&#8220; header_font_size_last_edited=&#8220;on|tablet&#8220; locked=&#8220;off&#8220; global_colors_info=&#8220;{}&#8220;]<\/p>\n<h1>Impressum<\/h1>\n<p>&nbsp;<\/p>\n<p>[\/et_pb_text][\/et_pb_column][\/et_pb_row][et_pb_row _builder_version=&#8220;4.16&#8243; _module_preset=&#8220;default&#8220; global_colors_info=&#8220;{}&#8220;][et_pb_column type=&#8220;4_4&#8243; _builder_version=&#8220;4.16&#8243; _module_preset=&#8220;default&#8220; global_colors_info=&#8220;{}&#8220;][et_pb_text _builder_version=&#8220;4.27.6&#8243; _module_preset=&#8220;default&#8220; hover_enabled=&#8220;0&#8243; global_colors_info=&#8220;{}&#8220; sticky_enabled=&#8220;0&#8243;]<\/p>\n<p><strong>Architekten Frirdich Widmann Schilling + Partner mbB<\/strong><br \/>Klemmertstr. 10\u202871088 Holzgerlingen<\/p>\n<p><strong>B\u00dcROINHABER<\/strong><br \/>Dipl.-Ing. (FH) Tilman Frirdich, freier Architekt, AL 667167<\/p>\n<p>Dipl.-Ing. (FH) Ute Widmann, freie Architektin, AL 13079<\/p>\n<p>Dipl.-Ing. Ulrich Schilling, freier Architekt, AL 116184<\/p>\n<p>Dipl.-Ing. Joachim Renz, freier Architekt, AL 31571<\/p>\n<p><strong>Zust\u00e4ndige Kammer:<\/strong><br \/>Architektenkammer Baden-W\u00fcrttemberg<br \/>Danneckerstr.54<br \/>70182 Stuttgart<br \/>Inhaltlich Verantwortlicher gem\u00e4\u00df \u00a7 55 Abs. 2 RStV: Architekten-fwsp (Adresse siehe oben)<br \/>Es gelten folgende berufsrechtliche Regelungen: <a href=\"https:\/\/www.akbw.de\/fileadmin\/download\/dokumenten_datenbank\/AKBW_Merkblaetter\/Architektenrecht_Berufsrecht\/Merkblatt330_Berufsordnung-2019.pdf\">Architektenrecht und Berufsordnung\u2028 &#8211; Merkblatt hier als PDF-Download<\/a><br \/>Haftungshinweis: Trotz sorgf\u00e4ltiger inhaltlicher Kontrolle \u00fcbernehmen wir keine Haftung f\u00fcr die Inhalte externer Links. F\u00fcr den Inhalt der verlinkten Seiten sind ausschlie\u00dflich deren Betreiber verantwortlich.<\/p>\n<p>[\/et_pb_text][\/et_pb_column][\/et_pb_row][et_pb_row _builder_version=&#8220;4.16&#8243; _module_preset=&#8220;default&#8220; global_colors_info=&#8220;{}&#8220;][et_pb_column type=&#8220;4_4&#8243; _builder_version=&#8220;4.16&#8243; _module_preset=&#8220;default&#8220; global_colors_info=&#8220;{}&#8220;][et_pb_button button_url=&#8220;\/&#8220; button_text=&#8220;Startseite&#8220; button_alignment=&#8220;center&#8220; _builder_version=&#8220;4.16&#8243; _module_preset=&#8220;default&#8220; custom_button=&#8220;on&#8220; button_text_size=&#8220;14px&#8220; button_text_color=&#8220;#ffffff&#8220; button_bg_color=&#8220;#55ac41&#8243; button_border_width=&#8220;0px&#8220; button_border_color=&#8220;rgba(0,0,0,0)&#8220; button_border_radius=&#8220;23px&#8220; hover_enabled=&#8220;0&#8243; global_colors_info=&#8220;{}&#8220; button_bg_color__hover_enabled=&#8220;on|hover&#8220; button_bg_color__hover=&#8220;#3f3f3f&#8220; button_bg_enable_color__hover=&#8220;on&#8220; sticky_enabled=&#8220;0&#8243;][\/et_pb_button][\/et_pb_column][\/et_pb_row][\/et_pb_section]<\/p>\n","protected":false},"excerpt":{"rendered":"<p>ImpressumImpressum &nbsp;Architekten Frirdich Widmann Schilling + Partner mbBKlemmertstr. 10\u202871088 Holzgerlingen B\u00dcROINHABERDipl.-Ing. (FH) Tilman Frirdich, freier Architekt, AL 667167 Dipl.-Ing. (FH) Ute Widmann, freie Architektin, AL 13079 Dipl.-Ing. Ulrich Schilling, freier Architekt, AL 116184 Dipl.-Ing. Joachim Renz, freier Architekt, AL 31571 Zust\u00e4ndige Kammer:Architektenkammer Baden-W\u00fcrttembergDanneckerstr.5470182 StuttgartInhaltlich Verantwortlicher gem\u00e4\u00df \u00a7 55 Abs. 2 RStV: Architekten-fwsp (Adresse siehe oben)Es [&hellip;]<\/p>\n","protected":false},"author":1,"featured_media":0,"parent":0,"menu_order":0,"comment_status":"closed","ping_status":"closed","template":"","meta":{"_et_pb_use_builder":"on","_et_pb_old_content":"","_et_gb_content_width":"","footnotes":""},"class_list":["post-1192","page","type-page","status-publish","hentry"],"yoast_head":"<!-- This site is optimized with the Yoast SEO plugin v22.9 - https:\/\/yoast.com\/wordpress\/plugins\/seo\/ -->\n<title>impressum - Architekten FWSP<\/title>\n<meta name=\"robots\" content=\"index, follow, max-snippet:-1, max-image-preview:large, max-video-preview:-1\" \/>\n<link rel=\"canonical\" href=\"https:\/\/architekten-fwsp.de\/?page_id=1192\" \/>\n<meta property=\"og:locale\" content=\"de_DE\" \/>\n<meta property=\"og:type\" content=\"article\" \/>\n<meta property=\"og:title\" content=\"impressum - Architekten FWSP\" \/>\n<meta property=\"og:description\" content=\"ImpressumImpressum &nbsp;Architekten Frirdich Widmann Schilling + Partner mbBKlemmertstr. 10\u202871088 Holzgerlingen B\u00dcROINHABERDipl.-Ing. (FH) Tilman Frirdich, freier Architekt, AL 667167 Dipl.-Ing. (FH) Ute Widmann, freie Architektin, AL 13079 Dipl.-Ing. Ulrich Schilling, freier Architekt, AL 116184 Dipl.-Ing. Joachim Renz, freier Architekt, AL 31571 Zust\u00e4ndige Kammer:Architektenkammer Baden-W\u00fcrttembergDanneckerstr.5470182 StuttgartInhaltlich Verantwortlicher gem\u00e4\u00df \u00a7 55 Abs. 2 RStV: Architekten-fwsp (Adresse siehe oben)Es [&hellip;]\" \/>\n<meta property=\"og:url\" content=\"https:\/\/architekten-fwsp.de\/?page_id=1192\" \/>\n<meta property=\"og:site_name\" content=\"Architekten FWSP\" \/>\n<meta property=\"article:modified_time\" content=\"2026-03-03T09:30:14+00:00\" \/>\n<meta name=\"twitter:card\" content=\"summary_large_image\" \/>\n<meta name=\"twitter:label1\" content=\"Gesch\u00e4tzte Lesezeit\" \/>\n\t<meta name=\"twitter:data1\" content=\"1\u00a0Minute\" \/>\n<script type=\"application\/ld+json\" class=\"yoast-schema-graph\">{\"@context\":\"https:\/\/schema.org\",\"@graph\":[{\"@type\":\"WebPage\",\"@id\":\"https:\/\/architekten-fwsp.de\/?page_id=1192\",\"url\":\"https:\/\/architekten-fwsp.de\/?page_id=1192\",\"name\":\"impressum - Architekten FWSP\",\"isPartOf\":{\"@id\":\"https:\/\/architekten-fwsp.de\/#website\"},\"datePublished\":\"2020-12-23T09:46:23+00:00\",\"dateModified\":\"2026-03-03T09:30:14+00:00\",\"breadcrumb\":{\"@id\":\"https:\/\/architekten-fwsp.de\/?page_id=1192#breadcrumb\"},\"inLanguage\":\"de\",\"potentialAction\":[{\"@type\":\"ReadAction\",\"target\":[\"https:\/\/architekten-fwsp.de\/?page_id=1192\"]}]},{\"@type\":\"BreadcrumbList\",\"@id\":\"https:\/\/architekten-fwsp.de\/?page_id=1192#breadcrumb\",\"itemListElement\":[{\"@type\":\"ListItem\",\"position\":1,\"name\":\"Startseite\",\"item\":\"https:\/\/architekten-fwsp.de\/\"},{\"@type\":\"ListItem\",\"position\":2,\"name\":\"impressum\"}]},{\"@type\":\"WebSite\",\"@id\":\"https:\/\/architekten-fwsp.de\/#website\",\"url\":\"https:\/\/architekten-fwsp.de\/\",\"name\":\"Architekten FWSP\",\"description\":\"Ihr Architekturb\u00fcro f\u00fcr Wohnbau, Gewerbebau, \u00f6ffentliche Bauten, Sanierungen und f\u00fcr Energieberatung\",\"potentialAction\":[{\"@type\":\"SearchAction\",\"target\":{\"@type\":\"EntryPoint\",\"urlTemplate\":\"https:\/\/architekten-fwsp.de\/?s={search_term_string}\"},\"query-input\":\"required name=search_term_string\"}],\"inLanguage\":\"de\"}]}<\/script>\n<!-- \/ Yoast SEO plugin. -->","yoast_head_json":{"title":"impressum - Architekten FWSP","robots":{"index":"index","follow":"follow","max-snippet":"max-snippet:-1","max-image-preview":"max-image-preview:large","max-video-preview":"max-video-preview:-1"},"canonical":"https:\/\/architekten-fwsp.de\/?page_id=1192","og_locale":"de_DE","og_type":"article","og_title":"impressum - Architekten FWSP","og_description":"ImpressumImpressum &nbsp;Architekten Frirdich Widmann Schilling + Partner mbBKlemmertstr. 10\u202871088 Holzgerlingen B\u00dcROINHABERDipl.-Ing. (FH) Tilman Frirdich, freier Architekt, AL 667167 Dipl.-Ing. (FH) Ute Widmann, freie Architektin, AL 13079 Dipl.-Ing. Ulrich Schilling, freier Architekt, AL 116184 Dipl.-Ing. Joachim Renz, freier Architekt, AL 31571 Zust\u00e4ndige Kammer:Architektenkammer Baden-W\u00fcrttembergDanneckerstr.5470182 StuttgartInhaltlich Verantwortlicher gem\u00e4\u00df \u00a7 55 Abs. 2 RStV: Architekten-fwsp (Adresse siehe oben)Es [&hellip;]","og_url":"https:\/\/architekten-fwsp.de\/?page_id=1192","og_site_name":"Architekten FWSP","article_modified_time":"2026-03-03T09:30:14+00:00","twitter_card":"summary_large_image","twitter_misc":{"Gesch\u00e4tzte Lesezeit":"1\u00a0Minute"},"schema":{"@context":"https:\/\/schema.org","@graph":[{"@type":"WebPage","@id":"https:\/\/architekten-fwsp.de\/?page_id=1192","url":"https:\/\/architekten-fwsp.de\/?page_id=1192","name":"impressum - Architekten FWSP","isPartOf":{"@id":"https:\/\/architekten-fwsp.de\/#website"},"datePublished":"2020-12-23T09:46:23+00:00","dateModified":"2026-03-03T09:30:14+00:00","breadcrumb":{"@id":"https:\/\/architekten-fwsp.de\/?page_id=1192#breadcrumb"},"inLanguage":"de","potentialAction":[{"@type":"ReadAction","target":["https:\/\/architekten-fwsp.de\/?page_id=1192"]}]},{"@type":"BreadcrumbList","@id":"https:\/\/architekten-fwsp.de\/?page_id=1192#breadcrumb","itemListElement":[{"@type":"ListItem","position":1,"name":"Startseite","item":"https:\/\/architekten-fwsp.de\/"},{"@type":"ListItem","position":2,"name":"impressum"}]},{"@type":"WebSite","@id":"https:\/\/architekten-fwsp.de\/#website","url":"https:\/\/architekten-fwsp.de\/","name":"Architekten FWSP","description":"Ihr Architekturb\u00fcro f\u00fcr Wohnbau, Gewerbebau, \u00f6ffentliche Bauten, Sanierungen und f\u00fcr Energieberatung","potentialAction":[{"@type":"SearchAction","target":{"@type":"EntryPoint","urlTemplate":"https:\/\/architekten-fwsp.de\/?s={search_term_string}"},"query-input":"required name=search_term_string"}],"inLanguage":"de"}]}},"_links":{"self":[{"href":"https:\/\/architekten-fwsp.de\/index.php?rest_route=\/wp\/v2\/pages\/1192","targetHints":{"allow":["GET"]}}],"collection":[{"href":"https:\/\/architekten-fwsp.de\/index.php?rest_route=\/wp\/v2\/pages"}],"about":[{"href":"https:\/\/architekten-fwsp.de\/index.php?rest_route=\/wp\/v2\/types\/page"}],"author":[{"embeddable":true,"href":"https:\/\/architekten-fwsp.de\/index.php?rest_route=\/wp\/v2\/users\/1"}],"replies":[{"embeddable":true,"href":"https:\/\/architekten-fwsp.de\/index.php?rest_route=%2Fwp%2Fv2%2Fcomments&post=1192"}],"version-history":[{"count":8,"href":"https:\/\/architekten-fwsp.de\/index.php?rest_route=\/wp\/v2\/pages\/1192\/revisions"}],"predecessor-version":[{"id":1787,"href":"https:\/\/architekten-fwsp.de\/index.php?rest_route=\/wp\/v2\/pages\/1192\/revisions\/1787"}],"wp:attachment":[{"href":"https:\/\/architekten-fwsp.de\/index.php?rest_route=%2Fwp%2Fv2%2Fmedia&parent=1192"}],"curies":[{"name":"wp","href":"https:\/\/api.w.org\/{rel}","templated":true}]}}