{"id":133,"date":"2020-09-27T12:16:03","date_gmt":"2020-09-27T10:16:03","guid":{"rendered":"https:\/\/architekten-fwsp.de\/?page_id=133"},"modified":"2026-03-03T13:39:43","modified_gmt":"2026-03-03T12:39:43","slug":"kontakt","status":"publish","type":"page","link":"https:\/\/architekten-fwsp.de\/?page_id=133","title":{"rendered":"Kontakt"},"content":{"rendered":"<p>[et_pb_section fb_built=&#8220;1&#8243; fullwidth=&#8220;on&#8220; _builder_version=&#8220;4.16&#8243; _module_preset=&#8220;default&#8220; hover_enabled=&#8220;0&#8243; box_shadow_style=&#8220;preset1&#8243; box_shadow_vertical=&#8220;14px&#8220; box_shadow_blur=&#8220;31px&#8220; box_shadow_spread=&#8220;5px&#8220; global_colors_info=&#8220;{}&#8220; sticky_enabled=&#8220;0&#8243;][et_pb_fullwidth_header header_scroll_down=&#8220;on&#8220; scroll_down_icon=&#8220;%%8%%&#8220; scroll_down_icon_color=&#8220;#ffffff&#8220; scroll_down_icon_size=&#8220;30px&#8220; scroll_down_icon_tablet=&#8220;&#8220; scroll_down_icon_phone=&#8220;&#8220; scroll_down_icon_last_edited=&#8220;on|phone&#8220; _builder_version=&#8220;4.27.6&#8243; _module_preset=&#8220;default&#8220; title_font=&#8220;|||on|||||&#8220; title_text_align=&#8220;center&#8220; title_text_color=&#8220;#55ac41&#8243; title_font_size=&#8220;80px&#8220; title_letter_spacing=&#8220;10px&#8220; background_enable_color=&#8220;off&#8220; background_image=&#8220;https:\/\/architekten-fwsp.de\/wp-content\/uploads\/2021\/02\/header-team-neu-1.jpg&#8220; min_height=&#8220;100%&#8220; height=&#8220;100%&#8220; custom_margin=&#8220;10px||||false|false&#8220; custom_padding=&#8220;500px||250px||false|false&#8220; custom_padding_tablet=&#8220;&#8220; custom_padding_phone=&#8220;70px||100px||false|false&#8220; custom_padding_last_edited=&#8220;on|phone&#8220; hover_enabled=&#8220;0&#8243; title_text_shadow_style=&#8220;preset3&#8243; global_colors_info=&#8220;{}&#8220; sticky_enabled=&#8220;0&#8243; background_size=&#8220;contain&#8220;][\/et_pb_fullwidth_header][\/et_pb_section][et_pb_section fb_built=&#8220;1&#8243; _builder_version=&#8220;4.16&#8243; _module_preset=&#8220;default&#8220; custom_padding=&#8220;0px||0px||true|false&#8220; global_colors_info=&#8220;{}&#8220;][et_pb_row disabled_on=&#8220;on|on|on&#8220; _builder_version=&#8220;4.16&#8243; _module_preset=&#8220;default&#8220; disabled=&#8220;on&#8220; global_colors_info=&#8220;{}&#8220;][et_pb_column type=&#8220;4_4&#8243; _builder_version=&#8220;4.16&#8243; _module_preset=&#8220;default&#8220; global_colors_info=&#8220;{}&#8220;][dipi_breadcrumbs bc_home_icon=&#8220;on&#8220; bc_schema=&#8220;off&#8220; _builder_version=&#8220;4.6.5&#8243; _module_preset=&#8220;default&#8220; _i=&#8220;0&#8243; _address=&#8220;1.0.0.0&#8243; admin_label=&#8220;dipi_breadcrumbs&#8220; \/][\/et_pb_column][\/et_pb_row][et_pb_row column_structure=&#8220;2_3,1_3&#8243; _builder_version=&#8220;4.16&#8243; _module_preset=&#8220;default&#8220; width=&#8220;100%&#8220; max_width=&#8220;80%&#8220; global_colors_info=&#8220;{}&#8220;][et_pb_column type=&#8220;2_3&#8243; _builder_version=&#8220;4.16&#8243; _module_preset=&#8220;default&#8220; global_colors_info=&#8220;{}&#8220;][et_pb_code _builder_version=&#8220;4.16&#8243; _module_preset=&#8220;default&#8220; width=&#8220;100%&#8220; max_width=&#8220;100%&#8220; hover_enabled=&#8220;0&#8243; global_colors_info=&#8220;{}&#8220; sticky_enabled=&#8220;0&#8243;]<div class=\"BorlabsCookie\"><div class=\"_brlbs-content-blocker\"> <div class=\"_brlbs-embed _brlbs-google-maps\"> <img class=\"_brlbs-thumbnail\" src=\"https:\/\/architekten-fwsp.de\/wp-content\/plugins\/borlabs-cookie\/images\/cb-maps.png\" alt=\"Google Maps\"> <div class=\"_brlbs-caption\"> <p>Mit dem Laden der Karte akzeptieren Sie die Datenschutzerkl\u00e4rung von Google.<br><a href=\"https:\/\/policies.google.com\/privacy\" target=\"_blank\" rel=\"nofollow noopener noreferrer\">Mehr erfahren<\/a><\/p> <p><a class=\"_brlbs-btn\" href=\"#\" data-borlabs-cookie-unblock role=\"button\">Karte laden<\/a><\/p> <p><label><input type=\"checkbox\" name=\"unblockAll\" value=\"1\" checked> <small>Google Maps immer entsperren<\/small><\/label><\/p> <\/div> <\/div> <\/div><div class=\"borlabs-hide\" data-borlabs-cookie-type=\"content-blocker\" data-borlabs-cookie-id=\"googlemaps\"><script type=\"text\/template\">PGlmcmFtZSBsb2FkaW5nPSJsYXp5IiBzcmM9Imh0dHBzOi8vd3d3Lmdvb2dsZS5jb20vbWFwcy9lbWJlZD9wYj0hMW0xOCExbTEyITFtMyExZDM1OTAuODE5MjAyNzgwNjI2ITJkOS4wMTAyMjE2MTYxNTc4NSEzZDQ4LjYzOTA5NTM3OTI2NjUyITJtMyExZjAhMmYwITNmMCEzbTIhMWkxMDI0ITJpNzY4ITRmMTMuMSEzbTMhMW0yITFzMHg0Nzk5ZTEyMmMzNTk4MjE3JTNBMHg0OWUwZjU3MmZhYTJkODhmITJzS2xlbW1lcnRzdHJhJUMzJTlGZSUyMDEwJTJDJTIwNzEwODglMjBIb2x6Z2VybGluZ2VuITVlMSEzbTIhMXNkZSEyc2RlITR2MTYwMTg4NTMxNjYyMSE1bTIhMXNkZSEyc2RlIiB3aWR0aD0iOTAwIiBoZWlnaHQ9IjQ1MCIgZnJhbWVib3JkZXI9IjAiIHN0eWxlPSJib3JkZXI6MDsiIGFsbG93ZnVsbHNjcmVlbj0iIiBhcmlhLWhpZGRlbj0iZmFsc2UiIHRhYmluZGV4PSIwIj48L2lmcmFtZT4=<\/script><\/div><\/div>[\/et_pb_code][\/et_pb_column][et_pb_column type=&#8220;1_3&#8243; _builder_version=&#8220;4.16&#8243; _module_preset=&#8220;default&#8220; global_colors_info=&#8220;{}&#8220;][et_pb_text _builder_version=&#8220;4.16&#8243; text_font=&#8220;||||||||&#8220; header_font=&#8220;||||||||&#8220; header_3_font=&#8220;Karla|700||on|||||&#8220; header_3_text_color=&#8220;#55ac41&#8243; header_3_font_size=&#8220;16px&#8220; header_3_letter_spacing=&#8220;1px&#8220; background_layout=&#8220;dark&#8220; max_width=&#8220;600px&#8220; module_alignment=&#8220;left&#8220; custom_margin=&#8220;||20px|&#8220; locked=&#8220;off&#8220; global_colors_info=&#8220;{}&#8220;]<\/p>\n<h3>Kontakt<\/h3>\n<p>[\/et_pb_text][et_pb_text _builder_version=&#8220;4.16&#8243; _module_preset=&#8220;default&#8220; text_font=&#8220;|300|||||||&#8220; text_font_size=&#8220;16px&#8220; global_colors_info=&#8220;{}&#8220;]<\/p>\n<h3>Architekten Frirdich Widmann Schilling + Partner mbB<\/h3>\n<p>[\/et_pb_text][et_pb_blurb use_icon=&#8220;on&#8220; font_icon=&#8220;&#xe074;||divi||400&#8243; icon_placement=&#8220;left&#8220; _builder_version=&#8220;4.16&#8243; _module_preset=&#8220;default&#8220; global_colors_info=&#8220;{}&#8220;]<\/p>\n<p>Klemmertstra\u00dfe 10<br \/>71088 Holzgerlingen<\/p>\n<p>[\/et_pb_blurb][et_pb_blurb use_icon=&#8220;on&#8220; font_icon=&#8220;&#xe090;||divi||400&#8243; icon_placement=&#8220;left&#8220; _builder_version=&#8220;4.27.6&#8243; _module_preset=&#8220;default&#8220; global_colors_info=&#8220;{}&#8220;]<\/p>\n<p><a href=\"tel:+4970314901920\">07031 49019-20<\/a><\/p>\n<p>[\/et_pb_blurb][et_pb_blurb use_icon=&#8220;on&#8220; font_icon=&#8220;&#xe0fa;||divi||400&#8243; icon_placement=&#8220;left&#8220; _builder_version=&#8220;4.25.2&#8243; _module_preset=&#8220;default&#8220; hover_enabled=&#8220;0&#8243; global_colors_info=&#8220;{}&#8220; sticky_enabled=&#8220;0&#8243;]<\/p>\n<p>07031 49019-21<\/p>\n<p>[\/et_pb_blurb][et_pb_blurb use_icon=&#8220;on&#8220; font_icon=&#8220;&#xe076;||divi||400&#8243; icon_placement=&#8220;left&#8220; _builder_version=&#8220;4.27.6&#8243; _module_preset=&#8220;default&#8220; hover_enabled=&#8220;0&#8243; global_colors_info=&#8220;{}&#8220; sticky_enabled=&#8220;0&#8243;]<\/p>\n<p><a href=\"mailto:info@architekten-fwsp.de\">info@architekten-fwsp.de<\/a><\/p>\n<p>[\/et_pb_blurb][\/et_pb_column][\/et_pb_row][\/et_pb_section]<\/p>\n","protected":false},"excerpt":{"rendered":"<p>[dipi_breadcrumbs bc_home_icon=&#8220;on&#8220; bc_schema=&#8220;off&#8220; _builder_version=&#8220;4.6.5&#8243; _module_preset=&#8220;default&#8220; _i=&#8220;0&#8243; _address=&#8220;1.0.0.0&#8243; admin_label=&#8220;dipi_breadcrumbs&#8220; \/]KontaktArchitekten Frirdich Widmann Schilling + Partner mbBKlemmertstra\u00dfe 1071088 Holzgerlingen07031 49019-2007031 49019-21info@architekten-fwsp.de<\/p>\n","protected":false},"author":1,"featured_media":0,"parent":0,"menu_order":0,"comment_status":"closed","ping_status":"closed","template":"","meta":{"_et_pb_use_builder":"on","_et_pb_old_content":"<p>\u00a0<\/p>\r\n<!-- wp:divi\/placeholder \/-->","_et_gb_content_width":"","footnotes":""},"class_list":["post-133","page","type-page","status-publish","hentry"],"yoast_head":"<!-- This site is optimized with the Yoast SEO plugin v22.9 - https:\/\/yoast.com\/wordpress\/plugins\/seo\/ -->\n<title>Kontakt - Architekten FWSP<\/title>\n<meta name=\"robots\" content=\"index, follow, max-snippet:-1, max-image-preview:large, max-video-preview:-1\" \/>\n<link rel=\"canonical\" href=\"https:\/\/architekten-fwsp.de\/?page_id=133\" \/>\n<meta property=\"og:locale\" content=\"de_DE\" \/>\n<meta property=\"og:type\" content=\"article\" \/>\n<meta property=\"og:title\" content=\"Kontakt - Architekten FWSP\" \/>\n<meta property=\"og:description\" content=\"[dipi_breadcrumbs bc_home_icon=&quot;on&quot; bc_schema=&quot;off&quot; _builder_version=&quot;4.6.5&quot; _module_preset=&quot;default&quot; _i=&quot;0&quot; _address=&quot;1.0.0.0&quot; admin_label=&quot;dipi_breadcrumbs&quot; \/]KontaktArchitekten Frirdich Widmann Schilling + Partner mbBKlemmertstra\u00dfe 1071088 Holzgerlingen07031 49019-2007031 49019-21info@architekten-fwsp.de\" \/>\n<meta property=\"og:url\" content=\"https:\/\/architekten-fwsp.de\/?page_id=133\" \/>\n<meta property=\"og:site_name\" content=\"Architekten FWSP\" \/>\n<meta property=\"article:modified_time\" content=\"2026-03-03T12:39:43+00:00\" \/>\n<meta name=\"twitter:card\" content=\"summary_large_image\" \/>\n<meta name=\"twitter:label1\" content=\"Gesch\u00e4tzte Lesezeit\" \/>\n\t<meta name=\"twitter:data1\" content=\"1\u00a0Minute\" \/>\n<script type=\"application\/ld+json\" class=\"yoast-schema-graph\">{\"@context\":\"https:\/\/schema.org\",\"@graph\":[{\"@type\":\"WebPage\",\"@id\":\"https:\/\/architekten-fwsp.de\/?page_id=133\",\"url\":\"https:\/\/architekten-fwsp.de\/?page_id=133\",\"name\":\"Kontakt - Architekten FWSP\",\"isPartOf\":{\"@id\":\"https:\/\/architekten-fwsp.de\/#website\"},\"datePublished\":\"2020-09-27T10:16:03+00:00\",\"dateModified\":\"2026-03-03T12:39:43+00:00\",\"breadcrumb\":{\"@id\":\"https:\/\/architekten-fwsp.de\/?page_id=133#breadcrumb\"},\"inLanguage\":\"de\",\"potentialAction\":[{\"@type\":\"ReadAction\",\"target\":[\"https:\/\/architekten-fwsp.de\/?page_id=133\"]}]},{\"@type\":\"BreadcrumbList\",\"@id\":\"https:\/\/architekten-fwsp.de\/?page_id=133#breadcrumb\",\"itemListElement\":[{\"@type\":\"ListItem\",\"position\":1,\"name\":\"Startseite\",\"item\":\"https:\/\/architekten-fwsp.de\/\"},{\"@type\":\"ListItem\",\"position\":2,\"name\":\"Kontakt\"}]},{\"@type\":\"WebSite\",\"@id\":\"https:\/\/architekten-fwsp.de\/#website\",\"url\":\"https:\/\/architekten-fwsp.de\/\",\"name\":\"Architekten FWSP\",\"description\":\"Ihr Architekturb\u00fcro f\u00fcr Wohnbau, Gewerbebau, \u00f6ffentliche Bauten, Sanierungen und f\u00fcr Energieberatung\",\"potentialAction\":[{\"@type\":\"SearchAction\",\"target\":{\"@type\":\"EntryPoint\",\"urlTemplate\":\"https:\/\/architekten-fwsp.de\/?s={search_term_string}\"},\"query-input\":\"required name=search_term_string\"}],\"inLanguage\":\"de\"}]}<\/script>\n<!-- \/ Yoast SEO plugin. -->","yoast_head_json":{"title":"Kontakt - Architekten FWSP","robots":{"index":"index","follow":"follow","max-snippet":"max-snippet:-1","max-image-preview":"max-image-preview:large","max-video-preview":"max-video-preview:-1"},"canonical":"https:\/\/architekten-fwsp.de\/?page_id=133","og_locale":"de_DE","og_type":"article","og_title":"Kontakt - Architekten FWSP","og_description":"[dipi_breadcrumbs bc_home_icon=\"on\" bc_schema=\"off\" _builder_version=\"4.6.5\" _module_preset=\"default\" _i=\"0\" _address=\"1.0.0.0\" admin_label=\"dipi_breadcrumbs\" \/]KontaktArchitekten Frirdich Widmann Schilling + Partner mbBKlemmertstra\u00dfe 1071088 Holzgerlingen07031 49019-2007031 49019-21info@architekten-fwsp.de","og_url":"https:\/\/architekten-fwsp.de\/?page_id=133","og_site_name":"Architekten FWSP","article_modified_time":"2026-03-03T12:39:43+00:00","twitter_card":"summary_large_image","twitter_misc":{"Gesch\u00e4tzte Lesezeit":"1\u00a0Minute"},"schema":{"@context":"https:\/\/schema.org","@graph":[{"@type":"WebPage","@id":"https:\/\/architekten-fwsp.de\/?page_id=133","url":"https:\/\/architekten-fwsp.de\/?page_id=133","name":"Kontakt - Architekten FWSP","isPartOf":{"@id":"https:\/\/architekten-fwsp.de\/#website"},"datePublished":"2020-09-27T10:16:03+00:00","dateModified":"2026-03-03T12:39:43+00:00","breadcrumb":{"@id":"https:\/\/architekten-fwsp.de\/?page_id=133#breadcrumb"},"inLanguage":"de","potentialAction":[{"@type":"ReadAction","target":["https:\/\/architekten-fwsp.de\/?page_id=133"]}]},{"@type":"BreadcrumbList","@id":"https:\/\/architekten-fwsp.de\/?page_id=133#breadcrumb","itemListElement":[{"@type":"ListItem","position":1,"name":"Startseite","item":"https:\/\/architekten-fwsp.de\/"},{"@type":"ListItem","position":2,"name":"Kontakt"}]},{"@type":"WebSite","@id":"https:\/\/architekten-fwsp.de\/#website","url":"https:\/\/architekten-fwsp.de\/","name":"Architekten FWSP","description":"Ihr Architekturb\u00fcro f\u00fcr Wohnbau, Gewerbebau, \u00f6ffentliche Bauten, Sanierungen und f\u00fcr Energieberatung","potentialAction":[{"@type":"SearchAction","target":{"@type":"EntryPoint","urlTemplate":"https:\/\/architekten-fwsp.de\/?s={search_term_string}"},"query-input":"required name=search_term_string"}],"inLanguage":"de"}]}},"_links":{"self":[{"href":"https:\/\/architekten-fwsp.de\/index.php?rest_route=\/wp\/v2\/pages\/133","targetHints":{"allow":["GET"]}}],"collection":[{"href":"https:\/\/architekten-fwsp.de\/index.php?rest_route=\/wp\/v2\/pages"}],"about":[{"href":"https:\/\/architekten-fwsp.de\/index.php?rest_route=\/wp\/v2\/types\/page"}],"author":[{"embeddable":true,"href":"https:\/\/architekten-fwsp.de\/index.php?rest_route=\/wp\/v2\/users\/1"}],"replies":[{"embeddable":true,"href":"https:\/\/architekten-fwsp.de\/index.php?rest_route=%2Fwp%2Fv2%2Fcomments&post=133"}],"version-history":[{"count":13,"href":"https:\/\/architekten-fwsp.de\/index.php?rest_route=\/wp\/v2\/pages\/133\/revisions"}],"predecessor-version":[{"id":1782,"href":"https:\/\/architekten-fwsp.de\/index.php?rest_route=\/wp\/v2\/pages\/133\/revisions\/1782"}],"wp:attachment":[{"href":"https:\/\/architekten-fwsp.de\/index.php?rest_route=%2Fwp%2Fv2%2Fmedia&parent=133"}],"curies":[{"name":"wp","href":"https:\/\/api.w.org\/{rel}","templated":true}]}}