{"id":83,"date":"2020-09-23T14:21:44","date_gmt":"2020-09-23T12:21:44","guid":{"rendered":"https:\/\/architekten-fwsp.de\/?page_id=83"},"modified":"2024-06-19T15:00:08","modified_gmt":"2024-06-19T13:00:08","slug":"ueber-uns","status":"publish","type":"page","link":"https:\/\/architekten-fwsp.de\/?page_id=83","title":{"rendered":"\u00dcber uns"},"content":{"rendered":"<p>[et_pb_section fb_built=&#8220;1&#8243; fullwidth=&#8220;on&#8220; _builder_version=&#8220;4.16&#8243; _module_preset=&#8220;default&#8220; box_shadow_style=&#8220;preset1&#8243; box_shadow_vertical=&#8220;14px&#8220; box_shadow_blur=&#8220;31px&#8220; box_shadow_spread=&#8220;5px&#8220; global_colors_info=&#8220;{}&#8220;][\/et_pb_section][et_pb_section fb_built=&#8220;1&#8243; fullwidth=&#8220;on&#8220; _builder_version=&#8220;4.16&#8243; _module_preset=&#8220;default&#8220; global_colors_info=&#8220;{}&#8220;][\/et_pb_section][et_pb_section fb_built=&#8220;1&#8243; _builder_version=&#8220;4.16&#8243; _module_preset=&#8220;default&#8220; global_colors_info=&#8220;{}&#8220;][et_pb_row _builder_version=&#8220;4.16&#8243; _module_preset=&#8220;default&#8220; width=&#8220;100%&#8220; max_width=&#8220;100%&#8220; global_colors_info=&#8220;{}&#8220;][et_pb_column type=&#8220;4_4&#8243; _builder_version=&#8220;4.16&#8243; _module_preset=&#8220;default&#8220; global_colors_info=&#8220;{}&#8220;][et_pb_text _builder_version=&#8220;4.16&#8243; _module_preset=&#8220;default&#8220; global_colors_info=&#8220;{}&#8220;][\/et_pb_text][\/et_pb_column][\/et_pb_row][et_pb_row column_structure=&#8220;1_4,1_4,1_4,1_4&#8243; _builder_version=&#8220;4.16&#8243; _module_preset=&#8220;default&#8220; width=&#8220;100%&#8220; module_alignment=&#8220;center&#8220; global_colors_info=&#8220;{}&#8220;][et_pb_column type=&#8220;1_4&#8243; _builder_version=&#8220;4.16&#8243; _module_preset=&#8220;default&#8220; global_colors_info=&#8220;{}&#8220;][et_pb_team_member name=&#8220;Tilman Frirdich&#8220; position=&#8220;Freier Architekt&#8220; image_url=&#8220;https:\/\/architekten-fwsp.de\/wp-content\/uploads\/2020\/09\/frirdich-sw.jpg&#8220; _builder_version=&#8220;4.9.0&#8243; _module_preset=&#8220;default&#8220; header_text_align=&#8220;center&#8220; header_line_height=&#8220;2.5em&#8220; body_font=&#8220;||||||||&#8220; body_text_align=&#8220;center&#8220; body_line_height=&#8220;1.1em&#8220; position_line_height=&#8220;2.7em&#8220; text_orientation=&#8220;center&#8220; box_shadow_style_image=&#8220;preset5&#8243; box_shadow_blur_image=&#8220;15px&#8220; box_shadow_spread_image=&#8220;2px&#8220; global_module=&#8220;1574&#8243; saved_tabs=&#8220;all&#8220; global_colors_info=&#8220;{}&#8220;]<\/p>\n<p style=\"text-align: center;\">\u00a0<a href=\"tel:+4970314901930\" title=\"Anruf\">+49 (0) 7031 49019-30<\/a><\/p>\n<p style=\"text-align: center;\"><a href=\"mailto:frirdich@architekten-fwsp.de\">e-Mail<\/a><\/p>\n<p>[\/et_pb_team_member][\/et_pb_column][et_pb_column type=&#8220;1_4&#8243; _builder_version=&#8220;4.16&#8243; _module_preset=&#8220;default&#8220; global_colors_info=&#8220;{}&#8220;][et_pb_team_member name=&#8220;Ute Widmann&#8220; position=&#8220;Freie Architektin und Energieberaterin&#8220; image_url=&#8220;https:\/\/architekten-fwsp.de\/wp-content\/uploads\/2020\/09\/widmann-sw.jpg&#8220; _builder_version=&#8220;4.16&#8243; _module_preset=&#8220;default&#8220; header_text_align=&#8220;center&#8220; header_line_height=&#8220;2.5em&#8220; body_font=&#8220;||||||||&#8220; body_text_align=&#8220;center&#8220; body_line_height=&#8220;1.1em&#8220; position_line_height=&#8220;1.4em&#8220; text_orientation=&#8220;center&#8220; box_shadow_style_image=&#8220;preset5&#8243; box_shadow_blur_image=&#8220;15px&#8220; box_shadow_spread_image=&#8220;2px&#8220; global_colors_info=&#8220;{}&#8220;]<\/p>\n<p style=\"text-align: center;\">\u00a0<a href=\"tel:+491726470606\" title=\"Anruf\">+49 (0) 172 6470606<\/a><\/p>\n<p style=\"text-align: center;\"><a href=\"mailto:widmann@architekten-fwsp.de\">e-Mail<\/a><\/p>\n<p>[\/et_pb_team_member][\/et_pb_column][et_pb_column type=&#8220;1_4&#8243; _builder_version=&#8220;4.16&#8243; _module_preset=&#8220;default&#8220; global_colors_info=&#8220;{}&#8220;][et_pb_team_member name=&#8220;Ulrich Schilling&#8220; position=&#8220;Freier Architekt&#8220; image_url=&#8220;https:\/\/architekten-fwsp.de\/wp-content\/uploads\/2020\/09\/schilling-sw.jpg&#8220; _builder_version=&#8220;4.16&#8243; _module_preset=&#8220;default&#8220; header_text_align=&#8220;center&#8220; header_line_height=&#8220;2.5em&#8220; body_font=&#8220;||||||||&#8220; body_text_align=&#8220;center&#8220; body_line_height=&#8220;1.1em&#8220; position_line_height=&#8220;2.7em&#8220; text_orientation=&#8220;center&#8220; box_shadow_style_image=&#8220;preset5&#8243; box_shadow_blur_image=&#8220;15px&#8220; box_shadow_spread_image=&#8220;2px&#8220; global_colors_info=&#8220;{}&#8220;]<\/p>\n<p style=\"text-align: center;\">\u00a0<a href=\"tel:+4970314901951\" title=\"Anruf\">+49 (0) 7031 49019-51<\/a><\/p>\n<p style=\"text-align: center;\"><a href=\"mailto:schilling@architekten-fwsp.de\">e-Mail<\/a><\/p>\n<p>[\/et_pb_team_member][\/et_pb_column][et_pb_column type=&#8220;1_4&#8243; _builder_version=&#8220;4.16&#8243; _module_preset=&#8220;default&#8220; global_colors_info=&#8220;{}&#8220;][et_pb_team_member name=&#8220;Joachim Renz&#8220; position=&#8220;Freier Architekt&#8220; image_url=&#8220;https:\/\/architekten-fwsp.de\/wp-content\/uploads\/2024\/06\/jr.jpg&#8220; _builder_version=&#8220;4.25.2&#8243; _module_preset=&#8220;default&#8220; header_line_height=&#8220;2.5em&#8220; body_font=&#8220;||||||||&#8220; body_text_align=&#8220;center&#8220; body_line_height=&#8220;1.1em&#8220; position_line_height=&#8220;2.7em&#8220; hover_enabled=&#8220;0&#8243; box_shadow_style_image=&#8220;preset5&#8243; box_shadow_blur_image=&#8220;15px&#8220; box_shadow_spread_image=&#8220;2px&#8220; global_colors_info=&#8220;{}&#8220; title_text=&#8220;jr&#8220; sticky_enabled=&#8220;0&#8243; border_radii_image=&#8220;off||||&#8220; border_radii_image_last_edited=&#8220;on|desktop&#8220; alt=&#8220;Platzhalterbild Mann&#8220; border_radii_image_tablet=&#8220;off||||&#8220; border_radii_image_phone=&#8220;off||||&#8220;]<\/p>\n<p style=\"text-align: center;\">\u00a0<a href=\"tel:+4970314901949\" title=\"Anruf\">+49 (0) 7031 49019-49<\/a><\/p>\n<p style=\"text-align: center;\"><a href=\"mailto:renz@architekten-fwsp.de\">e-Mail<\/a><\/p>\n<p>[\/et_pb_team_member][\/et_pb_column][\/et_pb_row][et_pb_row column_structure=&#8220;1_3,1_3,1_3&#8243; _builder_version=&#8220;4.25.2&#8243; _module_preset=&#8220;default&#8220; width=&#8220;62.2%&#8220; max_width=&#8220;45%&#8220; module_alignment=&#8220;center&#8220; global_colors_info=&#8220;{}&#8220;][et_pb_column type=&#8220;1_3&#8243; _builder_version=&#8220;4.16&#8243; _module_preset=&#8220;default&#8220; global_colors_info=&#8220;{}&#8220;][et_pb_team_member name=&#8220;Birgit Braun&#8220; position=&#8220;Bauzeichnerin&#8220; image_url=&#8220;https:\/\/architekten-fwsp.de\/wp-content\/uploads\/2020\/12\/0frau.jpg&#8220; _builder_version=&#8220;4.25.2&#8243; _module_preset=&#8220;default&#8220; header_text_align=&#8220;center&#8220; header_line_height=&#8220;2.5em&#8220; body_font=&#8220;||||||||&#8220; body_text_align=&#8220;center&#8220; body_line_height=&#8220;1.1em&#8220; position_line_height=&#8220;2.7em&#8220; text_orientation=&#8220;center&#8220; width=&#8220;70%&#8220; module_alignment=&#8220;center&#8220; box_shadow_style_image=&#8220;preset5&#8243; box_shadow_blur_image=&#8220;15px&#8220; box_shadow_spread_image=&#8220;2px&#8220; global_colors_info=&#8220;{}&#8220;]<\/p>\n<p style=\"text-align: center;\">\u00a0<a href=\"tel:+4970314901932\" title=\"Anruf\">+49 (0) 7031 49019-32<\/a><\/p>\n<p style=\"text-align: center;\"><a href=\"mailto:braun@architekten-fwsp.de\">e-Mail<\/a><\/p>\n<p>[\/et_pb_team_member][\/et_pb_column][et_pb_column type=&#8220;1_3&#8243; _builder_version=&#8220;4.16&#8243; _module_preset=&#8220;default&#8220; global_colors_info=&#8220;{}&#8220;][et_pb_team_member name=&#8220;Lena Betz&#8220; position=&#8220;Angestellte Architektin&#8220; image_url=&#8220;https:\/\/architekten-fwsp.de\/wp-content\/uploads\/2020\/12\/0frau.jpg&#8220; _builder_version=&#8220;4.16&#8243; _module_preset=&#8220;default&#8220; header_text_align=&#8220;center&#8220; header_line_height=&#8220;2.5em&#8220; body_font=&#8220;||||||||&#8220; body_text_align=&#8220;center&#8220; body_line_height=&#8220;1.1em&#8220; position_line_height=&#8220;2.7em&#8220; text_orientation=&#8220;center&#8220; width=&#8220;70%&#8220; module_alignment=&#8220;center&#8220; box_shadow_style_image=&#8220;preset5&#8243; box_shadow_blur_image=&#8220;15px&#8220; box_shadow_spread_image=&#8220;2px&#8220; global_colors_info=&#8220;{}&#8220;]<\/p>\n<p style=\"text-align: center;\">\u00a0<a href=\"tel:+4970314901935\" title=\"Anruf\">+49 (0) 7031 49019-35<\/a><\/p>\n<p style=\"text-align: center;\"><a href=\"mailto:betz@architekten-fwsp.de\">e-Mail<\/a><\/p>\n<p>[\/et_pb_team_member][\/et_pb_column][et_pb_column type=&#8220;1_3&#8243; _builder_version=&#8220;4.16&#8243; _module_preset=&#8220;default&#8220; global_colors_info=&#8220;{}&#8220;][et_pb_team_member name=&#8220;Stefi Rusu-Niciu&#8220; position=&#8220;Angestellte Architektin&#8220; image_url=&#8220;https:\/\/architekten-fwsp.de\/wp-content\/uploads\/2020\/12\/0frau.jpg&#8220; _builder_version=&#8220;4.16&#8243; _module_preset=&#8220;default&#8220; header_text_align=&#8220;center&#8220; header_line_height=&#8220;2.5em&#8220; body_font=&#8220;||||||||&#8220; body_text_align=&#8220;center&#8220; body_line_height=&#8220;1.1em&#8220; position_line_height=&#8220;2.7em&#8220; text_orientation=&#8220;center&#8220; width=&#8220;70%&#8220; module_alignment=&#8220;center&#8220; box_shadow_style_image=&#8220;preset5&#8243; box_shadow_blur_image=&#8220;15px&#8220; box_shadow_spread_image=&#8220;2px&#8220; global_colors_info=&#8220;{}&#8220;]<\/p>\n<p style=\"text-align: center;\">\u00a0<a href=\"tel:+4970314901935\" title=\"Anruf\">+49 (0) 7031 49019-35<\/a><\/p>\n<p style=\"text-align: center;\"><a href=\"mailto:rusu-niciu@architekten-fwsp.de\">e-Mail<\/a><\/p>\n<p>[\/et_pb_team_member][\/et_pb_column][\/et_pb_row][et_pb_row column_structure=&#8220;1_3,1_3,1_3&#8243; _builder_version=&#8220;4.25.2&#8243; _module_preset=&#8220;default&#8220; max_width=&#8220;45%&#8220; global_colors_info=&#8220;{}&#8220;][et_pb_column type=&#8220;1_3&#8243; _builder_version=&#8220;4.25.2&#8243; _module_preset=&#8220;default&#8220; global_colors_info=&#8220;{}&#8220;][et_pb_team_member name=&#8220;Fabio Krau\u00df&#8220; position=&#8220;Bauzeichner in Ausbildung&#8220; image_url=&#8220;https:\/\/architekten-fwsp.de\/wp-content\/uploads\/2020\/12\/0mann.jpg&#8220; _builder_version=&#8220;4.25.2&#8243; _module_preset=&#8220;default&#8220; header_text_align=&#8220;center&#8220; header_line_height=&#8220;2.5em&#8220; body_font=&#8220;||||||||&#8220; body_text_align=&#8220;center&#8220; body_line_height=&#8220;1.1em&#8220; position_line_height=&#8220;1.4em&#8220; text_orientation=&#8220;center&#8220; width=&#8220;70%&#8220; module_alignment=&#8220;center&#8220; box_shadow_style_image=&#8220;preset5&#8243; box_shadow_blur_image=&#8220;15px&#8220; box_shadow_spread_image=&#8220;2px&#8220; global_colors_info=&#8220;{}&#8220;]<\/p>\n<p style=\"text-align: center;\">\u00a0<a href=\"tel:+4970314901936\" title=\"Anruf\">+49 (0) 7031 49019-36<\/a><\/p>\n<p style=\"text-align: center;\"><a href=\"mailto:krauss@architekten-fwsp.de\">e-Mail<\/a><\/p>\n<p>[\/et_pb_team_member][\/et_pb_column][et_pb_column type=&#8220;1_3&#8243; _builder_version=&#8220;4.16&#8243; _module_preset=&#8220;default&#8220; global_colors_info=&#8220;{}&#8220;][et_pb_team_member name=&#8220;Maluka Horvath&#8220; position=&#8220;Architekturstudentin &#8220; image_url=&#8220;https:\/\/architekten-fwsp.de\/wp-content\/uploads\/2020\/12\/0frau.jpg&#8220; _builder_version=&#8220;4.16&#8243; _module_preset=&#8220;default&#8220; header_text_align=&#8220;center&#8220; header_line_height=&#8220;2.5em&#8220; body_font=&#8220;||||||||&#8220; body_text_align=&#8220;center&#8220; body_line_height=&#8220;1.1em&#8220; position_line_height=&#8220;1.4em&#8220; text_orientation=&#8220;center&#8220; width=&#8220;70%&#8220; module_alignment=&#8220;center&#8220; box_shadow_style_image=&#8220;preset5&#8243; box_shadow_blur_image=&#8220;15px&#8220; box_shadow_spread_image=&#8220;2px&#8220; global_colors_info=&#8220;{}&#8220;]<\/p>\n<p style=\"text-align: center;\">\u00a0<a href=\"tel:+4970314901950\" title=\"Anruf\">+49 (0) 7031 49019-50<\/a><\/p>\n<p style=\"text-align: center;\"><a href=\"mailto:horvath@architekten-fwsp.de\">e-Mail<\/a><\/p>\n<p>[\/et_pb_team_member][\/et_pb_column][et_pb_column type=&#8220;1_3&#8243; _builder_version=&#8220;4.16&#8243; _module_preset=&#8220;default&#8220; global_colors_info=&#8220;{}&#8220;][et_pb_team_member name=&#8220;Kevin Hartmann&#8220; position=&#8220;Architekturstudent&#8220; image_url=&#8220;https:\/\/architekten-fwsp.de\/wp-content\/uploads\/2020\/12\/0mann.jpg&#8220; _builder_version=&#8220;4.16&#8243; _module_preset=&#8220;default&#8220; header_text_align=&#8220;center&#8220; header_line_height=&#8220;2.5em&#8220; body_font=&#8220;||||||||&#8220; body_text_align=&#8220;center&#8220; body_line_height=&#8220;1.1em&#8220; position_line_height=&#8220;1.4em&#8220; text_orientation=&#8220;center&#8220; width=&#8220;70%&#8220; module_alignment=&#8220;center&#8220; box_shadow_style_image=&#8220;preset5&#8243; box_shadow_blur_image=&#8220;15px&#8220; box_shadow_spread_image=&#8220;2px&#8220; global_colors_info=&#8220;{}&#8220;]<\/p>\n<p style=\"text-align: center;\">\u00a0<a href=\"tel:+4970314901933\" title=\"Anruf\">+49 (0) 7031 49019-33<\/a><\/p>\n<p style=\"text-align: center;\"><a href=\"mailto:hartmann@architekten-fwsp.de\">e-Mail<\/a><\/p>\n<p>[\/et_pb_team_member][\/et_pb_column][\/et_pb_row][\/et_pb_section]<\/p>\n","protected":false},"excerpt":{"rendered":"<p>\u00a0+49 (0) 7031 49019-30 e-Mail \u00a0+49 (0) 172 6470606 e-Mail\u00a0+49 (0) 7031 49019-51 e-Mail\u00a0+49 (0) 7031 49019-49 e-Mail\u00a0+49 (0) 7031 49019-32 e-Mail\u00a0+49 (0) 7031 49019-35 e-Mail\u00a0+49 (0) 7031 49019-35 e-Mail\u00a0+49 (0) 7031 49019-36 e-Mail\u00a0+49 (0) 7031 49019-50 e-Mail\u00a0+49 (0) 7031 49019-33 e-Mail<\/p>\n","protected":false},"author":1,"featured_media":0,"parent":0,"menu_order":0,"comment_status":"closed","ping_status":"closed","template":"","meta":{"_et_pb_use_builder":"on","_et_pb_old_content":"<p>[et_pb_section fb_built=\"1\" fullwidth=\"on\" _builder_version=\"4.6.5\" _module_preset=\"default\" box_shadow_style=\"preset1\" box_shadow_vertical=\"14px\" box_shadow_blur=\"31px\" box_shadow_spread=\"5px\" hover_enabled=\"0\" sticky_enabled=\"0\"][et_pb_fullwidth_header _builder_version=\"4.6.5\" _module_preset=\"default\" background_enable_color=\"off\" alt=\"Team\" title_text=\"team-sw\" background_image=\"https:\/\/architekten-fwsp.de\/wp-content\/uploads\/2020\/09\/team-sw.jpg\" hover_enabled=\"0\" sticky_enabled=\"0\" title=\"\u00dcber uns\" title_font=\"|||on|||||\" title_text_color=\"#55ac41\" title_font_size=\"80px\" title_letter_spacing=\"10px\" title_text_align=\"center\" title_text_shadow_style=\"preset3\" custom_padding=\"500px||100px||false|false\"][\/et_pb_fullwidth_header][\/et_pb_section][et_pb_section fb_built=\"1\" _builder_version=\"4.6.5\" _module_preset=\"default\"][et_pb_row _builder_version=\"4.6.5\" _module_preset=\"default\" width=\"100%\" max_width=\"100%\" hover_enabled=\"0\" sticky_enabled=\"0\"][et_pb_column _builder_version=\"4.6.5\" _module_preset=\"default\" type=\"4_4\"][et_pb_text _builder_version=\"4.6.5\" _module_preset=\"default\" hover_enabled=\"0\" sticky_enabled=\"0\"]<\/p><h2>Hier finden Sie k\u00fcnftig Informationen zu unseren Mitarbeitenden, die Schwerpunkte ihrer Arbeit, sowie Kontakt-M\u00f6glichkeiten.<\/h2><p>\u00a0<\/p><p>\u00a0<\/p><p>\u00a0<\/p>","_et_gb_content_width":"","footnotes":""},"class_list":["post-83","page","type-page","status-publish","hentry"],"yoast_head":"<!-- This site is optimized with the Yoast SEO plugin v22.9 - https:\/\/yoast.com\/wordpress\/plugins\/seo\/ -->\n<title>\u00dcber uns - Architekten FWSP<\/title>\n<meta name=\"robots\" content=\"index, follow, max-snippet:-1, max-image-preview:large, max-video-preview:-1\" \/>\n<link rel=\"canonical\" href=\"https:\/\/architekten-fwsp.de\/?page_id=83\" \/>\n<meta property=\"og:locale\" content=\"de_DE\" \/>\n<meta property=\"og:type\" content=\"article\" \/>\n<meta property=\"og:title\" content=\"\u00dcber uns - Architekten FWSP\" \/>\n<meta property=\"og:description\" content=\"\u00a0+49 (0) 7031 49019-30 e-Mail \u00a0+49 (0) 172 6470606 e-Mail\u00a0+49 (0) 7031 49019-51 e-Mail\u00a0+49 (0) 7031 49019-49 e-Mail\u00a0+49 (0) 7031 49019-32 e-Mail\u00a0+49 (0) 7031 49019-35 e-Mail\u00a0+49 (0) 7031 49019-35 e-Mail\u00a0+49 (0) 7031 49019-36 e-Mail\u00a0+49 (0) 7031 49019-50 e-Mail\u00a0+49 (0) 7031 49019-33 e-Mail\" \/>\n<meta property=\"og:url\" content=\"https:\/\/architekten-fwsp.de\/?page_id=83\" \/>\n<meta property=\"og:site_name\" content=\"Architekten FWSP\" \/>\n<meta property=\"article:modified_time\" content=\"2024-06-19T13:00:08+00:00\" \/>\n<meta name=\"twitter:card\" content=\"summary_large_image\" \/>\n<meta name=\"twitter:label1\" content=\"Gesch\u00e4tzte Lesezeit\" \/>\n\t<meta name=\"twitter:data1\" content=\"3\u00a0Minuten\" \/>\n<script type=\"application\/ld+json\" class=\"yoast-schema-graph\">{\"@context\":\"https:\/\/schema.org\",\"@graph\":[{\"@type\":\"WebPage\",\"@id\":\"https:\/\/architekten-fwsp.de\/?page_id=83\",\"url\":\"https:\/\/architekten-fwsp.de\/?page_id=83\",\"name\":\"\u00dcber uns - Architekten FWSP\",\"isPartOf\":{\"@id\":\"https:\/\/architekten-fwsp.de\/#website\"},\"datePublished\":\"2020-09-23T12:21:44+00:00\",\"dateModified\":\"2024-06-19T13:00:08+00:00\",\"breadcrumb\":{\"@id\":\"https:\/\/architekten-fwsp.de\/?page_id=83#breadcrumb\"},\"inLanguage\":\"de\",\"potentialAction\":[{\"@type\":\"ReadAction\",\"target\":[\"https:\/\/architekten-fwsp.de\/?page_id=83\"]}]},{\"@type\":\"BreadcrumbList\",\"@id\":\"https:\/\/architekten-fwsp.de\/?page_id=83#breadcrumb\",\"itemListElement\":[{\"@type\":\"ListItem\",\"position\":1,\"name\":\"Startseite\",\"item\":\"https:\/\/architekten-fwsp.de\/\"},{\"@type\":\"ListItem\",\"position\":2,\"name\":\"\u00dcber uns\"}]},{\"@type\":\"WebSite\",\"@id\":\"https:\/\/architekten-fwsp.de\/#website\",\"url\":\"https:\/\/architekten-fwsp.de\/\",\"name\":\"Architekten FWSP\",\"description\":\"Ihr Architekturb\u00fcro f\u00fcr Wohnbau, Gewerbebau, \u00f6ffentliche Bauten, Sanierungen und f\u00fcr Energieberatung\",\"potentialAction\":[{\"@type\":\"SearchAction\",\"target\":{\"@type\":\"EntryPoint\",\"urlTemplate\":\"https:\/\/architekten-fwsp.de\/?s={search_term_string}\"},\"query-input\":\"required name=search_term_string\"}],\"inLanguage\":\"de\"}]}<\/script>\n<!-- \/ Yoast SEO plugin. -->","yoast_head_json":{"title":"\u00dcber uns - Architekten FWSP","robots":{"index":"index","follow":"follow","max-snippet":"max-snippet:-1","max-image-preview":"max-image-preview:large","max-video-preview":"max-video-preview:-1"},"canonical":"https:\/\/architekten-fwsp.de\/?page_id=83","og_locale":"de_DE","og_type":"article","og_title":"\u00dcber uns - Architekten FWSP","og_description":"\u00a0+49 (0) 7031 49019-30 e-Mail \u00a0+49 (0) 172 6470606 e-Mail\u00a0+49 (0) 7031 49019-51 e-Mail\u00a0+49 (0) 7031 49019-49 e-Mail\u00a0+49 (0) 7031 49019-32 e-Mail\u00a0+49 (0) 7031 49019-35 e-Mail\u00a0+49 (0) 7031 49019-35 e-Mail\u00a0+49 (0) 7031 49019-36 e-Mail\u00a0+49 (0) 7031 49019-50 e-Mail\u00a0+49 (0) 7031 49019-33 e-Mail","og_url":"https:\/\/architekten-fwsp.de\/?page_id=83","og_site_name":"Architekten FWSP","article_modified_time":"2024-06-19T13:00:08+00:00","twitter_card":"summary_large_image","twitter_misc":{"Gesch\u00e4tzte Lesezeit":"3\u00a0Minuten"},"schema":{"@context":"https:\/\/schema.org","@graph":[{"@type":"WebPage","@id":"https:\/\/architekten-fwsp.de\/?page_id=83","url":"https:\/\/architekten-fwsp.de\/?page_id=83","name":"\u00dcber uns - Architekten FWSP","isPartOf":{"@id":"https:\/\/architekten-fwsp.de\/#website"},"datePublished":"2020-09-23T12:21:44+00:00","dateModified":"2024-06-19T13:00:08+00:00","breadcrumb":{"@id":"https:\/\/architekten-fwsp.de\/?page_id=83#breadcrumb"},"inLanguage":"de","potentialAction":[{"@type":"ReadAction","target":["https:\/\/architekten-fwsp.de\/?page_id=83"]}]},{"@type":"BreadcrumbList","@id":"https:\/\/architekten-fwsp.de\/?page_id=83#breadcrumb","itemListElement":[{"@type":"ListItem","position":1,"name":"Startseite","item":"https:\/\/architekten-fwsp.de\/"},{"@type":"ListItem","position":2,"name":"\u00dcber uns"}]},{"@type":"WebSite","@id":"https:\/\/architekten-fwsp.de\/#website","url":"https:\/\/architekten-fwsp.de\/","name":"Architekten FWSP","description":"Ihr Architekturb\u00fcro f\u00fcr Wohnbau, Gewerbebau, \u00f6ffentliche Bauten, Sanierungen und f\u00fcr Energieberatung","potentialAction":[{"@type":"SearchAction","target":{"@type":"EntryPoint","urlTemplate":"https:\/\/architekten-fwsp.de\/?s={search_term_string}"},"query-input":"required name=search_term_string"}],"inLanguage":"de"}]}},"_links":{"self":[{"href":"https:\/\/architekten-fwsp.de\/index.php?rest_route=\/wp\/v2\/pages\/83","targetHints":{"allow":["GET"]}}],"collection":[{"href":"https:\/\/architekten-fwsp.de\/index.php?rest_route=\/wp\/v2\/pages"}],"about":[{"href":"https:\/\/architekten-fwsp.de\/index.php?rest_route=\/wp\/v2\/types\/page"}],"author":[{"embeddable":true,"href":"https:\/\/architekten-fwsp.de\/index.php?rest_route=\/wp\/v2\/users\/1"}],"replies":[{"embeddable":true,"href":"https:\/\/architekten-fwsp.de\/index.php?rest_route=%2Fwp%2Fv2%2Fcomments&post=83"}],"version-history":[{"count":78,"href":"https:\/\/architekten-fwsp.de\/index.php?rest_route=\/wp\/v2\/pages\/83\/revisions"}],"predecessor-version":[{"id":1642,"href":"https:\/\/architekten-fwsp.de\/index.php?rest_route=\/wp\/v2\/pages\/83\/revisions\/1642"}],"wp:attachment":[{"href":"https:\/\/architekten-fwsp.de\/index.php?rest_route=%2Fwp%2Fv2%2Fmedia&parent=83"}],"curies":[{"name":"wp","href":"https:\/\/api.w.org\/{rel}","templated":true}]}}