{"id":88,"date":"2020-09-23T14:25:28","date_gmt":"2020-09-23T12:25:28","guid":{"rendered":"https:\/\/architekten-fwsp.de\/?page_id=88"},"modified":"2026-03-03T00:23:04","modified_gmt":"2026-03-02T23:23:04","slug":"industriebau","status":"publish","type":"page","link":"https:\/\/architekten-fwsp.de\/?page_id=88","title":{"rendered":"Gewerbebau"},"content":{"rendered":"<p>[et_pb_section fb_built=&#8220;1&#8243; fullwidth=&#8220;on&#8220; _builder_version=&#8220;4.16&#8243; _module_preset=&#8220;default&#8220; box_shadow_style=&#8220;preset1&#8243; box_shadow_vertical=&#8220;14px&#8220; box_shadow_blur=&#8220;31px&#8220; box_shadow_spread=&#8220;5px&#8220; box_shadow_horizontal_tablet=&#8220;&#8220; box_shadow_horizontal_phone=&#8220;&#8220; box_shadow_horizontal_last_edited=&#8220;on|desktop&#8220; box_shadow_vertical_tablet=&#8220;&#8220; box_shadow_vertical_phone=&#8220;12px&#8220; box_shadow_vertical_last_edited=&#8220;on|phone&#8220; box_shadow_spread_tablet=&#8220;&#8220; box_shadow_spread_phone=&#8220;-19px&#8220; box_shadow_spread_last_edited=&#8220;on|desktop&#8220; global_colors_info=&#8220;{}&#8220;][et_pb_fullwidth_header header_scroll_down=&#8220;on&#8220; scroll_down_icon=&#8220;%%8%%&#8220; scroll_down_icon_color=&#8220;#ffffff&#8220; scroll_down_icon_size=&#8220;30px&#8220; scroll_down_icon_tablet=&#8220;&#8220; scroll_down_icon_phone=&#8220;&#8220; scroll_down_icon_last_edited=&#8220;on|phone&#8220; _builder_version=&#8220;4.16&#8243; _module_preset=&#8220;default&#8220; title_font=&#8220;|||on|||||&#8220; title_text_align=&#8220;center&#8220; title_text_color=&#8220;#55ac41&#8243; title_font_size=&#8220;80px&#8220; title_letter_spacing=&#8220;10px&#8220; background_enable_color=&#8220;off&#8220; background_image=&#8220;https:\/\/architekten-fwsp.de\/wp-content\/uploads\/2020\/09\/IMG_3688.jpg&#8220; min_height=&#8220;100%&#8220; height=&#8220;100%&#8220; custom_margin=&#8220;10px||||false|false&#8220; custom_padding=&#8220;500px||250px||false|false&#8220; custom_padding_tablet=&#8220;&#8220; custom_padding_phone=&#8220;70px||100px||false|false&#8220; custom_padding_last_edited=&#8220;on|phone&#8220; title_text_shadow_style=&#8220;preset3&#8243; global_colors_info=&#8220;{}&#8220;][\/et_pb_fullwidth_header][\/et_pb_section][et_pb_section fb_built=&#8220;1&#8243; disabled_on=&#8220;on|on|on&#8220; _builder_version=&#8220;4.16&#8243; _module_preset=&#8220;default&#8220; disabled=&#8220;on&#8220; global_colors_info=&#8220;{}&#8220;][et_pb_row _builder_version=&#8220;4.16&#8243; _module_preset=&#8220;default&#8220; global_colors_info=&#8220;{}&#8220;][et_pb_column type=&#8220;4_4&#8243; _builder_version=&#8220;4.16&#8243; _module_preset=&#8220;default&#8220; global_colors_info=&#8220;{}&#8220;][dipi_breadcrumbs _builder_version=&#8220;4.6.5&#8243; _module_preset=&#8220;default&#8220; _i=&#8220;0&#8243; _address=&#8220;1.0.0.0&#8243; \/][\/et_pb_column][\/et_pb_row][\/et_pb_section][et_pb_section fb_built=&#8220;1&#8243; custom_padding_last_edited=&#8220;on|phone&#8220; _builder_version=&#8220;4.16&#8243; _module_preset=&#8220;default&#8220; custom_padding_tablet=&#8220;&#8220; custom_padding_phone=&#8220;0px||||false|false&#8220; global_colors_info=&#8220;{}&#8220;][et_pb_row column_structure=&#8220;1_2,1_2&#8243; _builder_version=&#8220;4.16&#8243; _module_preset=&#8220;default&#8220; max_width=&#8220;80%&#8220; global_colors_info=&#8220;{}&#8220;][et_pb_column type=&#8220;1_2&#8243; _builder_version=&#8220;4.16&#8243; _module_preset=&#8220;default&#8220; global_colors_info=&#8220;{}&#8220;][et_pb_text _builder_version=&#8220;4.16&#8243; text_font=&#8220;||||||||&#8220; header_font=&#8220;||||||||&#8220; header_3_font=&#8220;Karla|700||on|||||&#8220; header_3_text_color=&#8220;#55ac41&#8243; header_3_font_size=&#8220;16px&#8220; header_3_letter_spacing=&#8220;1px&#8220; background_layout=&#8220;dark&#8220; max_width=&#8220;600px&#8220; module_alignment=&#8220;left&#8220; custom_margin=&#8220;||20px|&#8220; locked=&#8220;off&#8220; global_colors_info=&#8220;{}&#8220;]<\/p>\n<h3>Gewerbebau<\/h3>\n<p>[\/et_pb_text][et_pb_text _builder_version=&#8220;4.27.6&#8243; text_font=&#8220;Poppins||||||||&#8220; text_text_color=&#8220;#262626&#8243; text_font_size=&#8220;18px&#8220; text_line_height=&#8220;1.8em&#8220; header_font=&#8220;Poppins||||||||&#8220; header_text_color=&#8220;#262626&#8243; header_font_size=&#8220;38px&#8220; header_line_height=&#8220;1.4em&#8220; header_2_font=&#8220;||||||||&#8220; header_3_font=&#8220;||||||||&#8220; max_width=&#8220;600px&#8220; hover_enabled=&#8220;0&#8243; header_font_size_tablet=&#8220;40px&#8220; header_font_size_phone=&#8220;26px&#8220; header_font_size_last_edited=&#8220;on|tablet&#8220; locked=&#8220;off&#8220; global_colors_info=&#8220;{}&#8220; sticky_enabled=&#8220;0&#8243;]<\/p>\n<h1>Von der Bank bis zum Autohaus<\/h1>\n<p>Die Konzeption von Gewerbeimmobilien bietet meist eine besondere Herausforderung. Einerseits steht die praktische Ausrichtung im Vordergrund, andererseits darf die \u00c4sthetik nicht zu kurz kommen. Auch hier ist die Individualit\u00e4t wichtig, oft flie\u00dft das Corporate Design in die Konzeption ein.<\/p>\n<p>Von der Bank, \u00fcber Ausstellungsimmobilien bis hin zum Autohaus: Wir vereinen weit mehr als 40 Jahre Erfahrung auf diesem Gebiet.<\/p>\n<p>Bei Fragen stehen wir Ihnen gerne zur Verf\u00fcgung, nehmen Sie einfach unverbindlichen <strong><a href=\"https:\/\/architekten-fwsp.de\/?page_id=133\">Kontakt<\/a><\/strong> zu uns auf. Wir freuen uns auf Sie.<\/p>\n<p>[\/et_pb_text][\/et_pb_column][et_pb_column type=&#8220;1_2&#8243; _builder_version=&#8220;4.16&#8243; _module_preset=&#8220;default&#8220; global_colors_info=&#8220;{}&#8220;][et_pb_gallery gallery_ids=&#8220;945,944,1350,1085&#8243; gallery_orderby=&#8220;rand&#8220; show_title_and_caption=&#8220;off&#8220; show_pagination=&#8220;off&#8220; _builder_version=&#8220;4.27.6&#8243; _module_preset=&#8220;default&#8220; global_colors_info=&#8220;{}&#8220;][\/et_pb_gallery][\/et_pb_column][\/et_pb_row][\/et_pb_section]<\/p>\n","protected":false},"excerpt":{"rendered":"<p>[dipi_breadcrumbs _builder_version=&#8220;4.6.5&#8243; _module_preset=&#8220;default&#8220; _i=&#8220;0&#8243; _address=&#8220;1.0.0.0&#8243; \/]GewerbebauVon der Bank bis zum Autohaus Die Konzeption von Gewerbeimmobilien bietet meist eine besondere Herausforderung. Einerseits steht die praktische Ausrichtung im Vordergrund, andererseits darf die \u00c4sthetik nicht zu kurz kommen. Auch hier ist die Individualit\u00e4t wichtig, oft flie\u00dft das Corporate Design in die Konzeption ein. Von der Bank, \u00fcber Ausstellungsimmobilien [&hellip;]<\/p>\n","protected":false},"author":1,"featured_media":0,"parent":0,"menu_order":0,"comment_status":"closed","ping_status":"closed","template":"","meta":{"_et_pb_use_builder":"on","_et_pb_old_content":"<!-- wp:divi\/placeholder \/-->","_et_gb_content_width":"","footnotes":""},"class_list":["post-88","page","type-page","status-publish","hentry"],"yoast_head":"<!-- This site is optimized with the Yoast SEO plugin v22.9 - https:\/\/yoast.com\/wordpress\/plugins\/seo\/ -->\n<title>Gewerbebau - Architekten FWSP<\/title>\n<meta name=\"robots\" content=\"index, follow, max-snippet:-1, max-image-preview:large, max-video-preview:-1\" \/>\n<link rel=\"canonical\" href=\"https:\/\/architekten-fwsp.de\/?page_id=88\" \/>\n<meta property=\"og:locale\" content=\"de_DE\" \/>\n<meta property=\"og:type\" content=\"article\" \/>\n<meta property=\"og:title\" content=\"Gewerbebau - Architekten FWSP\" \/>\n<meta property=\"og:description\" content=\"[dipi_breadcrumbs _builder_version=&quot;4.6.5&quot; _module_preset=&quot;default&quot; _i=&quot;0&quot; _address=&quot;1.0.0.0&quot; \/]GewerbebauVon der Bank bis zum Autohaus Die Konzeption von Gewerbeimmobilien bietet meist eine besondere Herausforderung. Einerseits steht die praktische Ausrichtung im Vordergrund, andererseits darf die \u00c4sthetik nicht zu kurz kommen. Auch hier ist die Individualit\u00e4t wichtig, oft flie\u00dft das Corporate Design in die Konzeption ein. Von der Bank, \u00fcber Ausstellungsimmobilien [&hellip;]\" \/>\n<meta property=\"og:url\" content=\"https:\/\/architekten-fwsp.de\/?page_id=88\" \/>\n<meta property=\"og:site_name\" content=\"Architekten FWSP\" \/>\n<meta property=\"article:modified_time\" content=\"2026-03-02T23:23:04+00:00\" \/>\n<meta name=\"twitter:card\" content=\"summary_large_image\" \/>\n<meta name=\"twitter:label1\" content=\"Gesch\u00e4tzte Lesezeit\" \/>\n\t<meta name=\"twitter:data1\" content=\"2\u00a0Minuten\" \/>\n<script type=\"application\/ld+json\" class=\"yoast-schema-graph\">{\"@context\":\"https:\/\/schema.org\",\"@graph\":[{\"@type\":\"WebPage\",\"@id\":\"https:\/\/architekten-fwsp.de\/?page_id=88\",\"url\":\"https:\/\/architekten-fwsp.de\/?page_id=88\",\"name\":\"Gewerbebau - Architekten FWSP\",\"isPartOf\":{\"@id\":\"https:\/\/architekten-fwsp.de\/#website\"},\"datePublished\":\"2020-09-23T12:25:28+00:00\",\"dateModified\":\"2026-03-02T23:23:04+00:00\",\"breadcrumb\":{\"@id\":\"https:\/\/architekten-fwsp.de\/?page_id=88#breadcrumb\"},\"inLanguage\":\"de\",\"potentialAction\":[{\"@type\":\"ReadAction\",\"target\":[\"https:\/\/architekten-fwsp.de\/?page_id=88\"]}]},{\"@type\":\"BreadcrumbList\",\"@id\":\"https:\/\/architekten-fwsp.de\/?page_id=88#breadcrumb\",\"itemListElement\":[{\"@type\":\"ListItem\",\"position\":1,\"name\":\"Startseite\",\"item\":\"https:\/\/architekten-fwsp.de\/\"},{\"@type\":\"ListItem\",\"position\":2,\"name\":\"Gewerbebau\"}]},{\"@type\":\"WebSite\",\"@id\":\"https:\/\/architekten-fwsp.de\/#website\",\"url\":\"https:\/\/architekten-fwsp.de\/\",\"name\":\"Architekten FWSP\",\"description\":\"Ihr Architekturb\u00fcro f\u00fcr Wohnbau, Gewerbebau, \u00f6ffentliche Bauten, Sanierungen und f\u00fcr Energieberatung\",\"potentialAction\":[{\"@type\":\"SearchAction\",\"target\":{\"@type\":\"EntryPoint\",\"urlTemplate\":\"https:\/\/architekten-fwsp.de\/?s={search_term_string}\"},\"query-input\":\"required name=search_term_string\"}],\"inLanguage\":\"de\"}]}<\/script>\n<!-- \/ Yoast SEO plugin. -->","yoast_head_json":{"title":"Gewerbebau - Architekten FWSP","robots":{"index":"index","follow":"follow","max-snippet":"max-snippet:-1","max-image-preview":"max-image-preview:large","max-video-preview":"max-video-preview:-1"},"canonical":"https:\/\/architekten-fwsp.de\/?page_id=88","og_locale":"de_DE","og_type":"article","og_title":"Gewerbebau - Architekten FWSP","og_description":"[dipi_breadcrumbs _builder_version=\"4.6.5\" _module_preset=\"default\" _i=\"0\" _address=\"1.0.0.0\" \/]GewerbebauVon der Bank bis zum Autohaus Die Konzeption von Gewerbeimmobilien bietet meist eine besondere Herausforderung. Einerseits steht die praktische Ausrichtung im Vordergrund, andererseits darf die \u00c4sthetik nicht zu kurz kommen. Auch hier ist die Individualit\u00e4t wichtig, oft flie\u00dft das Corporate Design in die Konzeption ein. Von der Bank, \u00fcber Ausstellungsimmobilien [&hellip;]","og_url":"https:\/\/architekten-fwsp.de\/?page_id=88","og_site_name":"Architekten FWSP","article_modified_time":"2026-03-02T23:23:04+00:00","twitter_card":"summary_large_image","twitter_misc":{"Gesch\u00e4tzte Lesezeit":"2\u00a0Minuten"},"schema":{"@context":"https:\/\/schema.org","@graph":[{"@type":"WebPage","@id":"https:\/\/architekten-fwsp.de\/?page_id=88","url":"https:\/\/architekten-fwsp.de\/?page_id=88","name":"Gewerbebau - Architekten FWSP","isPartOf":{"@id":"https:\/\/architekten-fwsp.de\/#website"},"datePublished":"2020-09-23T12:25:28+00:00","dateModified":"2026-03-02T23:23:04+00:00","breadcrumb":{"@id":"https:\/\/architekten-fwsp.de\/?page_id=88#breadcrumb"},"inLanguage":"de","potentialAction":[{"@type":"ReadAction","target":["https:\/\/architekten-fwsp.de\/?page_id=88"]}]},{"@type":"BreadcrumbList","@id":"https:\/\/architekten-fwsp.de\/?page_id=88#breadcrumb","itemListElement":[{"@type":"ListItem","position":1,"name":"Startseite","item":"https:\/\/architekten-fwsp.de\/"},{"@type":"ListItem","position":2,"name":"Gewerbebau"}]},{"@type":"WebSite","@id":"https:\/\/architekten-fwsp.de\/#website","url":"https:\/\/architekten-fwsp.de\/","name":"Architekten FWSP","description":"Ihr Architekturb\u00fcro f\u00fcr Wohnbau, Gewerbebau, \u00f6ffentliche Bauten, Sanierungen und f\u00fcr Energieberatung","potentialAction":[{"@type":"SearchAction","target":{"@type":"EntryPoint","urlTemplate":"https:\/\/architekten-fwsp.de\/?s={search_term_string}"},"query-input":"required name=search_term_string"}],"inLanguage":"de"}]}},"_links":{"self":[{"href":"https:\/\/architekten-fwsp.de\/index.php?rest_route=\/wp\/v2\/pages\/88","targetHints":{"allow":["GET"]}}],"collection":[{"href":"https:\/\/architekten-fwsp.de\/index.php?rest_route=\/wp\/v2\/pages"}],"about":[{"href":"https:\/\/architekten-fwsp.de\/index.php?rest_route=\/wp\/v2\/types\/page"}],"author":[{"embeddable":true,"href":"https:\/\/architekten-fwsp.de\/index.php?rest_route=\/wp\/v2\/users\/1"}],"replies":[{"embeddable":true,"href":"https:\/\/architekten-fwsp.de\/index.php?rest_route=%2Fwp%2Fv2%2Fcomments&post=88"}],"version-history":[{"count":21,"href":"https:\/\/architekten-fwsp.de\/index.php?rest_route=\/wp\/v2\/pages\/88\/revisions"}],"predecessor-version":[{"id":1763,"href":"https:\/\/architekten-fwsp.de\/index.php?rest_route=\/wp\/v2\/pages\/88\/revisions\/1763"}],"wp:attachment":[{"href":"https:\/\/architekten-fwsp.de\/index.php?rest_route=%2Fwp%2Fv2%2Fmedia&parent=88"}],"curies":[{"name":"wp","href":"https:\/\/api.w.org\/{rel}","templated":true}]}}