{"id":90,"date":"2020-09-23T14:25:54","date_gmt":"2020-09-23T12:25:54","guid":{"rendered":"https:\/\/architekten-fwsp.de\/?page_id=90"},"modified":"2026-03-03T00:09:21","modified_gmt":"2026-03-02T23:09:21","slug":"oeffentliche-bauten","status":"publish","type":"page","link":"https:\/\/architekten-fwsp.de\/?page_id=90","title":{"rendered":"\u00f6ffentliche Bauten"},"content":{"rendered":"<p>[et_pb_section fb_built=&#8220;1&#8243; fullwidth=&#8220;on&#8220; _builder_version=&#8220;4.16&#8243; _module_preset=&#8220;default&#8220; box_shadow_style=&#8220;preset1&#8243; box_shadow_vertical=&#8220;12px&#8220; box_shadow_blur=&#8220;31px&#8220; box_shadow_spread=&#8220;-19px&#8220; global_colors_info=&#8220;{}&#8220;][et_pb_fullwidth_header header_scroll_down=&#8220;on&#8220; scroll_down_icon=&#8220;%%8%%&#8220; scroll_down_icon_color=&#8220;#ffffff&#8220; scroll_down_icon_size=&#8220;30px&#8220; scroll_down_icon_tablet=&#8220;&#8220; scroll_down_icon_phone=&#8220;&#8220; scroll_down_icon_last_edited=&#8220;on|phone&#8220; _builder_version=&#8220;4.16&#8243; _module_preset=&#8220;default&#8220; title_font=&#8220;|||on|||||&#8220; title_text_align=&#8220;center&#8220; title_text_color=&#8220;#55ac41&#8243; title_font_size=&#8220;80px&#8220; title_letter_spacing=&#8220;10px&#8220; background_enable_color=&#8220;off&#8220; background_image=&#8220;https:\/\/architekten-fwsp.de\/wp-content\/uploads\/2020\/10\/oeffentl.jpg&#8220; min_height=&#8220;100%&#8220; height=&#8220;100%&#8220; custom_margin=&#8220;10px||||false|false&#8220; custom_padding=&#8220;500px||250px||false|false&#8220; custom_padding_tablet=&#8220;&#8220; custom_padding_phone=&#8220;70px||100px||false|false&#8220; custom_padding_last_edited=&#8220;on|phone&#8220; title_text_shadow_style=&#8220;preset3&#8243; global_colors_info=&#8220;{}&#8220;][\/et_pb_fullwidth_header][\/et_pb_section][et_pb_section fb_built=&#8220;1&#8243; disabled_on=&#8220;on|on|on&#8220; _builder_version=&#8220;4.16&#8243; _module_preset=&#8220;default&#8220; custom_padding=&#8220;0px||0px||true|false&#8220; disabled=&#8220;on&#8220; global_colors_info=&#8220;{}&#8220;][et_pb_row _builder_version=&#8220;4.16&#8243; _module_preset=&#8220;default&#8220; global_colors_info=&#8220;{}&#8220;][et_pb_column type=&#8220;4_4&#8243; _builder_version=&#8220;4.16&#8243; _module_preset=&#8220;default&#8220; global_colors_info=&#8220;{}&#8220;][dipi_breadcrumbs bc_home_icon=&#8220;on&#8220; bc_schema=&#8220;off&#8220; _builder_version=&#8220;4.6.5&#8243; _module_preset=&#8220;default&#8220; _i=&#8220;0&#8243; _address=&#8220;1.0.0.0&#8243; \/][\/et_pb_column][\/et_pb_row][\/et_pb_section][et_pb_section fb_built=&#8220;1&#8243; _builder_version=&#8220;4.16&#8243; _module_preset=&#8220;default&#8220; custom_margin_tablet=&#8220;&#8220; custom_margin_phone=&#8220;&#8220; custom_margin_last_edited=&#8220;on|phone&#8220; custom_padding=&#8220;0px||||false|false&#8220; global_colors_info=&#8220;{}&#8220;][et_pb_row column_structure=&#8220;1_2,1_2&#8243; _builder_version=&#8220;4.16&#8243; _module_preset=&#8220;default&#8220; max_width=&#8220;80%&#8220; global_colors_info=&#8220;{}&#8220;][et_pb_column type=&#8220;1_2&#8243; _builder_version=&#8220;4.16&#8243; _module_preset=&#8220;default&#8220; global_colors_info=&#8220;{}&#8220;][et_pb_text _builder_version=&#8220;4.16&#8243; text_font=&#8220;||||||||&#8220; header_font=&#8220;||||||||&#8220; header_3_font=&#8220;Karla|700||on|||||&#8220; header_3_text_color=&#8220;#55ac41&#8243; header_3_font_size=&#8220;16px&#8220; header_3_letter_spacing=&#8220;1px&#8220; background_layout=&#8220;dark&#8220; max_width=&#8220;600px&#8220; module_alignment=&#8220;left&#8220; custom_margin=&#8220;||20px|&#8220; locked=&#8220;off&#8220; global_colors_info=&#8220;{}&#8220;]<\/p>\n<h3>\u00d6ffentliche Bauten<\/h3>\n<p>[\/et_pb_text][et_pb_text _builder_version=&#8220;4.16&#8243; text_font=&#8220;Poppins||||||||&#8220; text_text_color=&#8220;#262626&#8243; text_font_size=&#8220;18px&#8220; text_line_height=&#8220;1.8em&#8220; header_font=&#8220;Poppins||||||||&#8220; header_text_color=&#8220;#262626&#8243; header_font_size=&#8220;38px&#8220; header_line_height=&#8220;1.4em&#8220; header_2_font=&#8220;||||||||&#8220; header_3_font=&#8220;||||||||&#8220; max_width=&#8220;600px&#8220; header_font_size_tablet=&#8220;40px&#8220; header_font_size_phone=&#8220;26px&#8220; header_font_size_last_edited=&#8220;on|tablet&#8220; locked=&#8220;off&#8220; global_colors_info=&#8220;{}&#8220;]<\/p>\n<h1>Vom Kindergarten bis zum Rathaus<\/h1>\n<p>In den letzten 40 Jahren haben wir zahlreicher Projekte der \u00f6ffentlichen Hand konzipiert und realisiert.<br \/> Darunter sind Kinderg\u00e4rten, Senioreneinrichtungen, Rath\u00e4user, Schulen und mehr.<\/p>\n<p>[\/et_pb_text][et_pb_text _builder_version=&#8220;4.16&#8243; _module_preset=&#8220;default&#8220; text_font=&#8220;Poppins||||||||&#8220; text_text_color=&#8220;#262626&#8243; text_font_size=&#8220;18px&#8220; hover_enabled=&#8220;0&#8243; global_colors_info=&#8220;{}&#8220; sticky_enabled=&#8220;0&#8243;]<\/p>\n<h3>Auszug realisierter Projekte:<\/h3>\n<p><span style=\"text-decoration: underline;\">Rath\u00e4user:<br \/> <\/span><\/p>\n<ul>\n<li>Neubau Holzgerlingen<\/li>\n<li>Neubau Neubulach<\/li>\n<li>Neubau M\u00f6nsheim<\/li>\n<\/ul>\n<p><span style=\"text-decoration: underline;\"><span>Schulerweiterungen:<\/span><\/span><\/p>\n<ul>\n<li>Sch\u00f6nbuchgymnasium Holzgerlingen<\/li>\n<li>Gemeinschaftsschule Weil im Sch\u00f6nbuch<\/li>\n<li>Freie evangelische Schule Holzgerlingen<\/li>\n<\/ul>\n<p><span style=\"text-decoration: underline;\">Kindertagesst\u00e4tten<\/span><\/p>\n<ul>\n<li>Neubau Weil im Sch\u00f6nbuch<\/li>\n<\/ul>\n<p>&nbsp;<\/p>\n<p>[\/et_pb_text][\/et_pb_column][et_pb_column type=&#8220;1_2&#8243; _builder_version=&#8220;4.16&#8243; _module_preset=&#8220;default&#8220; global_colors_info=&#8220;{}&#8220;][et_pb_slider _builder_version=&#8220;4.27.6&#8243; _module_preset=&#8220;default&#8220; global_colors_info=&#8220;{}&#8220;][et_pb_slide _builder_version=&#8220;4.27.6&#8243; _module_preset=&#8220;default&#8220; global_colors_info=&#8220;{}&#8220; sticky_transition=&#8220;on&#8220;]<\/p>\n<p><img loading=\"lazy\" decoding=\"async\" class=\"wp-image-1414 alignnone size-medium\" src=\"https:\/\/architekten-fwsp.de\/wp-content\/uploads\/2021\/02\/IMG_3696-300x225.jpg\" alt=\"Umbau\" width=\"300\" height=\"225\" \/> <img loading=\"lazy\" decoding=\"async\" class=\"wp-image-1412 alignnone size-medium\" src=\"https:\/\/architekten-fwsp.de\/wp-content\/uploads\/2021\/02\/IMG_3694-300x225.jpg\" alt=\"Kindergarten\" width=\"300\" height=\"225\" \/> <img loading=\"lazy\" decoding=\"async\" class=\"wp-image-1343 alignnone size-medium\" src=\"https:\/\/architekten-fwsp.de\/wp-content\/uploads\/2021\/02\/IMG_3653-300x176.jpg\" alt=\"Schulerweiterung\" width=\"300\" height=\"176\" \/> <img loading=\"lazy\" decoding=\"async\" class=\"wp-image-1344 alignnone size-medium\" src=\"https:\/\/architekten-fwsp.de\/wp-content\/uploads\/2021\/02\/IMG_3654-300x225.jpg\" alt=\"Schule\" width=\"300\" height=\"225\" \/> <img loading=\"lazy\" decoding=\"async\" class=\"wp-image-1346 alignnone size-medium\" src=\"https:\/\/architekten-fwsp.de\/wp-content\/uploads\/2021\/02\/IMG_3660-300x225.jpg\" alt=\"Seniorenzentrum\" width=\"300\" height=\"225\" \/><\/p>\n<p>[\/et_pb_slide][\/et_pb_slider][\/et_pb_column][\/et_pb_row][\/et_pb_section]<\/p>\n","protected":false},"excerpt":{"rendered":"<p>[dipi_breadcrumbs bc_home_icon=&#8220;on&#8220; bc_schema=&#8220;off&#8220; _builder_version=&#8220;4.6.5&#8243; _module_preset=&#8220;default&#8220; _i=&#8220;0&#8243; _address=&#8220;1.0.0.0&#8243; \/]\u00d6ffentliche BautenVom Kindergarten bis zum Rathaus In den letzten 40 Jahren haben wir zahlreicher Projekte der \u00f6ffentlichen Hand konzipiert und realisiert. Darunter sind Kinderg\u00e4rten, Senioreneinrichtungen, Rath\u00e4user, Schulen und mehr.Auszug realisierter Projekte: Rath\u00e4user: Neubau Holzgerlingen Neubau Neubulach Neubau M\u00f6nsheim Schulerweiterungen: Sch\u00f6nbuchgymnasium Holzgerlingen Gemeinschaftsschule Weil im Sch\u00f6nbuch Freie evangelische Schule [&hellip;]<\/p>\n","protected":false},"author":1,"featured_media":0,"parent":0,"menu_order":0,"comment_status":"closed","ping_status":"closed","template":"","meta":{"_et_pb_use_builder":"on","_et_pb_old_content":"<!-- wp:divi\/placeholder \/-->","_et_gb_content_width":"","footnotes":""},"class_list":["post-90","page","type-page","status-publish","hentry"],"yoast_head":"<!-- This site is optimized with the Yoast SEO plugin v22.9 - https:\/\/yoast.com\/wordpress\/plugins\/seo\/ -->\n<title>\u00f6ffentliche Bauten - Architekten FWSP<\/title>\n<meta name=\"robots\" content=\"index, follow, max-snippet:-1, max-image-preview:large, max-video-preview:-1\" \/>\n<link rel=\"canonical\" href=\"https:\/\/architekten-fwsp.de\/?page_id=90\" \/>\n<meta property=\"og:locale\" content=\"de_DE\" \/>\n<meta property=\"og:type\" content=\"article\" \/>\n<meta property=\"og:title\" content=\"\u00f6ffentliche Bauten - Architekten FWSP\" \/>\n<meta property=\"og:description\" content=\"[dipi_breadcrumbs bc_home_icon=&quot;on&quot; bc_schema=&quot;off&quot; _builder_version=&quot;4.6.5&quot; _module_preset=&quot;default&quot; _i=&quot;0&quot; _address=&quot;1.0.0.0&quot; \/]\u00d6ffentliche BautenVom Kindergarten bis zum Rathaus In den letzten 40 Jahren haben wir zahlreicher Projekte der \u00f6ffentlichen Hand konzipiert und realisiert. Darunter sind Kinderg\u00e4rten, Senioreneinrichtungen, Rath\u00e4user, Schulen und mehr.Auszug realisierter Projekte: Rath\u00e4user: Neubau Holzgerlingen Neubau Neubulach Neubau M\u00f6nsheim Schulerweiterungen: Sch\u00f6nbuchgymnasium Holzgerlingen Gemeinschaftsschule Weil im Sch\u00f6nbuch Freie evangelische Schule [&hellip;]\" \/>\n<meta property=\"og:url\" content=\"https:\/\/architekten-fwsp.de\/?page_id=90\" \/>\n<meta property=\"og:site_name\" content=\"Architekten FWSP\" \/>\n<meta property=\"article:modified_time\" content=\"2026-03-02T23:09:21+00:00\" \/>\n<meta property=\"og:image\" content=\"https:\/\/architekten-fwsp.de\/wp-content\/uploads\/2021\/02\/IMG_3696-300x225.jpg\" \/>\n<meta name=\"twitter:card\" content=\"summary_large_image\" \/>\n<meta name=\"twitter:label1\" content=\"Gesch\u00e4tzte Lesezeit\" \/>\n\t<meta name=\"twitter:data1\" content=\"2\u00a0Minuten\" \/>\n<script type=\"application\/ld+json\" class=\"yoast-schema-graph\">{\"@context\":\"https:\/\/schema.org\",\"@graph\":[{\"@type\":\"WebPage\",\"@id\":\"https:\/\/architekten-fwsp.de\/?page_id=90\",\"url\":\"https:\/\/architekten-fwsp.de\/?page_id=90\",\"name\":\"\u00f6ffentliche Bauten - Architekten FWSP\",\"isPartOf\":{\"@id\":\"https:\/\/architekten-fwsp.de\/#website\"},\"primaryImageOfPage\":{\"@id\":\"https:\/\/architekten-fwsp.de\/?page_id=90#primaryimage\"},\"image\":{\"@id\":\"https:\/\/architekten-fwsp.de\/?page_id=90#primaryimage\"},\"thumbnailUrl\":\"https:\/\/architekten-fwsp.de\/wp-content\/uploads\/2021\/02\/IMG_3696-300x225.jpg\",\"datePublished\":\"2020-09-23T12:25:54+00:00\",\"dateModified\":\"2026-03-02T23:09:21+00:00\",\"breadcrumb\":{\"@id\":\"https:\/\/architekten-fwsp.de\/?page_id=90#breadcrumb\"},\"inLanguage\":\"de\",\"potentialAction\":[{\"@type\":\"ReadAction\",\"target\":[\"https:\/\/architekten-fwsp.de\/?page_id=90\"]}]},{\"@type\":\"ImageObject\",\"inLanguage\":\"de\",\"@id\":\"https:\/\/architekten-fwsp.de\/?page_id=90#primaryimage\",\"url\":\"https:\/\/architekten-fwsp.de\/wp-content\/uploads\/2021\/02\/IMG_3696.jpg\",\"contentUrl\":\"https:\/\/architekten-fwsp.de\/wp-content\/uploads\/2021\/02\/IMG_3696.jpg\",\"width\":1600,\"height\":1200,\"caption\":\"Umbau\"},{\"@type\":\"BreadcrumbList\",\"@id\":\"https:\/\/architekten-fwsp.de\/?page_id=90#breadcrumb\",\"itemListElement\":[{\"@type\":\"ListItem\",\"position\":1,\"name\":\"Startseite\",\"item\":\"https:\/\/architekten-fwsp.de\/\"},{\"@type\":\"ListItem\",\"position\":2,\"name\":\"\u00f6ffentliche Bauten\"}]},{\"@type\":\"WebSite\",\"@id\":\"https:\/\/architekten-fwsp.de\/#website\",\"url\":\"https:\/\/architekten-fwsp.de\/\",\"name\":\"Architekten FWSP\",\"description\":\"Ihr Architekturb\u00fcro f\u00fcr Wohnbau, Gewerbebau, \u00f6ffentliche Bauten, Sanierungen und f\u00fcr Energieberatung\",\"potentialAction\":[{\"@type\":\"SearchAction\",\"target\":{\"@type\":\"EntryPoint\",\"urlTemplate\":\"https:\/\/architekten-fwsp.de\/?s={search_term_string}\"},\"query-input\":\"required name=search_term_string\"}],\"inLanguage\":\"de\"}]}<\/script>\n<!-- \/ Yoast SEO plugin. -->","yoast_head_json":{"title":"\u00f6ffentliche Bauten - Architekten FWSP","robots":{"index":"index","follow":"follow","max-snippet":"max-snippet:-1","max-image-preview":"max-image-preview:large","max-video-preview":"max-video-preview:-1"},"canonical":"https:\/\/architekten-fwsp.de\/?page_id=90","og_locale":"de_DE","og_type":"article","og_title":"\u00f6ffentliche Bauten - Architekten FWSP","og_description":"[dipi_breadcrumbs bc_home_icon=\"on\" bc_schema=\"off\" _builder_version=\"4.6.5\" _module_preset=\"default\" _i=\"0\" _address=\"1.0.0.0\" \/]\u00d6ffentliche BautenVom Kindergarten bis zum Rathaus In den letzten 40 Jahren haben wir zahlreicher Projekte der \u00f6ffentlichen Hand konzipiert und realisiert. Darunter sind Kinderg\u00e4rten, Senioreneinrichtungen, Rath\u00e4user, Schulen und mehr.Auszug realisierter Projekte: Rath\u00e4user: Neubau Holzgerlingen Neubau Neubulach Neubau M\u00f6nsheim Schulerweiterungen: Sch\u00f6nbuchgymnasium Holzgerlingen Gemeinschaftsschule Weil im Sch\u00f6nbuch Freie evangelische Schule [&hellip;]","og_url":"https:\/\/architekten-fwsp.de\/?page_id=90","og_site_name":"Architekten FWSP","article_modified_time":"2026-03-02T23:09:21+00:00","og_image":[{"url":"https:\/\/architekten-fwsp.de\/wp-content\/uploads\/2021\/02\/IMG_3696-300x225.jpg"}],"twitter_card":"summary_large_image","twitter_misc":{"Gesch\u00e4tzte Lesezeit":"2\u00a0Minuten"},"schema":{"@context":"https:\/\/schema.org","@graph":[{"@type":"WebPage","@id":"https:\/\/architekten-fwsp.de\/?page_id=90","url":"https:\/\/architekten-fwsp.de\/?page_id=90","name":"\u00f6ffentliche Bauten - Architekten FWSP","isPartOf":{"@id":"https:\/\/architekten-fwsp.de\/#website"},"primaryImageOfPage":{"@id":"https:\/\/architekten-fwsp.de\/?page_id=90#primaryimage"},"image":{"@id":"https:\/\/architekten-fwsp.de\/?page_id=90#primaryimage"},"thumbnailUrl":"https:\/\/architekten-fwsp.de\/wp-content\/uploads\/2021\/02\/IMG_3696-300x225.jpg","datePublished":"2020-09-23T12:25:54+00:00","dateModified":"2026-03-02T23:09:21+00:00","breadcrumb":{"@id":"https:\/\/architekten-fwsp.de\/?page_id=90#breadcrumb"},"inLanguage":"de","potentialAction":[{"@type":"ReadAction","target":["https:\/\/architekten-fwsp.de\/?page_id=90"]}]},{"@type":"ImageObject","inLanguage":"de","@id":"https:\/\/architekten-fwsp.de\/?page_id=90#primaryimage","url":"https:\/\/architekten-fwsp.de\/wp-content\/uploads\/2021\/02\/IMG_3696.jpg","contentUrl":"https:\/\/architekten-fwsp.de\/wp-content\/uploads\/2021\/02\/IMG_3696.jpg","width":1600,"height":1200,"caption":"Umbau"},{"@type":"BreadcrumbList","@id":"https:\/\/architekten-fwsp.de\/?page_id=90#breadcrumb","itemListElement":[{"@type":"ListItem","position":1,"name":"Startseite","item":"https:\/\/architekten-fwsp.de\/"},{"@type":"ListItem","position":2,"name":"\u00f6ffentliche Bauten"}]},{"@type":"WebSite","@id":"https:\/\/architekten-fwsp.de\/#website","url":"https:\/\/architekten-fwsp.de\/","name":"Architekten FWSP","description":"Ihr Architekturb\u00fcro f\u00fcr Wohnbau, Gewerbebau, \u00f6ffentliche Bauten, Sanierungen und f\u00fcr Energieberatung","potentialAction":[{"@type":"SearchAction","target":{"@type":"EntryPoint","urlTemplate":"https:\/\/architekten-fwsp.de\/?s={search_term_string}"},"query-input":"required name=search_term_string"}],"inLanguage":"de"}]}},"_links":{"self":[{"href":"https:\/\/architekten-fwsp.de\/index.php?rest_route=\/wp\/v2\/pages\/90","targetHints":{"allow":["GET"]}}],"collection":[{"href":"https:\/\/architekten-fwsp.de\/index.php?rest_route=\/wp\/v2\/pages"}],"about":[{"href":"https:\/\/architekten-fwsp.de\/index.php?rest_route=\/wp\/v2\/types\/page"}],"author":[{"embeddable":true,"href":"https:\/\/architekten-fwsp.de\/index.php?rest_route=\/wp\/v2\/users\/1"}],"replies":[{"embeddable":true,"href":"https:\/\/architekten-fwsp.de\/index.php?rest_route=%2Fwp%2Fv2%2Fcomments&post=90"}],"version-history":[{"count":13,"href":"https:\/\/architekten-fwsp.de\/index.php?rest_route=\/wp\/v2\/pages\/90\/revisions"}],"predecessor-version":[{"id":1696,"href":"https:\/\/architekten-fwsp.de\/index.php?rest_route=\/wp\/v2\/pages\/90\/revisions\/1696"}],"wp:attachment":[{"href":"https:\/\/architekten-fwsp.de\/index.php?rest_route=%2Fwp%2Fv2%2Fmedia&parent=90"}],"curies":[{"name":"wp","href":"https:\/\/api.w.org\/{rel}","templated":true}]}}