{"id":94,"date":"2020-09-23T14:26:59","date_gmt":"2020-09-23T12:26:59","guid":{"rendered":"https:\/\/architekten-fwsp.de\/?page_id=94"},"modified":"2026-03-03T10:59:11","modified_gmt":"2026-03-03T09:59:11","slug":"umbau-sanierung","status":"publish","type":"page","link":"https:\/\/architekten-fwsp.de\/?page_id=94","title":{"rendered":"Umbau\/Sanierung"},"content":{"rendered":"<p>[et_pb_section fb_built=&#8220;1&#8243; fullwidth=&#8220;on&#8220; _builder_version=&#8220;4.16&#8243; _module_preset=&#8220;default&#8220; box_shadow_style=&#8220;preset1&#8243; box_shadow_vertical=&#8220;14px&#8220; box_shadow_blur=&#8220;31px&#8220; box_shadow_spread=&#8220;5px&#8220; global_colors_info=&#8220;{}&#8220;][et_pb_fullwidth_header header_scroll_down=&#8220;on&#8220; scroll_down_icon=&#8220;%%8%%&#8220; scroll_down_icon_color=&#8220;#ffffff&#8220; scroll_down_icon_size=&#8220;30px&#8220; scroll_down_icon_tablet=&#8220;&#8220; scroll_down_icon_phone=&#8220;&#8220; scroll_down_icon_last_edited=&#8220;on|phone&#8220; _builder_version=&#8220;4.16&#8243; _module_preset=&#8220;default&#8220; title_font=&#8220;|||on|||||&#8220; title_text_align=&#8220;center&#8220; title_text_color=&#8220;#55ac41&#8243; title_font_size=&#8220;80px&#8220; title_letter_spacing=&#8220;10px&#8220; background_enable_color=&#8220;off&#8220; background_image=&#8220;https:\/\/architekten-fwsp.de\/wp-content\/uploads\/2021\/02\/umbau.jpg&#8220; min_height=&#8220;100%&#8220; height=&#8220;100%&#8220; custom_margin=&#8220;10px||||false|false&#8220; custom_padding=&#8220;500px||250px||false|false&#8220; custom_padding_tablet=&#8220;&#8220; custom_padding_phone=&#8220;70px||100px||false|false&#8220; custom_padding_last_edited=&#8220;on|phone&#8220; title_text_shadow_style=&#8220;preset3&#8243; global_colors_info=&#8220;{}&#8220;][\/et_pb_fullwidth_header][\/et_pb_section][et_pb_section fb_built=&#8220;1&#8243; _builder_version=&#8220;4.16&#8243; _module_preset=&#8220;default&#8220; custom_padding=&#8220;0px||0px||true|false&#8220; global_colors_info=&#8220;{}&#8220;][et_pb_row disabled_on=&#8220;on|on|on&#8220; _builder_version=&#8220;4.16&#8243; _module_preset=&#8220;default&#8220; disabled=&#8220;on&#8220; global_colors_info=&#8220;{}&#8220;][et_pb_column type=&#8220;4_4&#8243; _builder_version=&#8220;4.16&#8243; _module_preset=&#8220;default&#8220; global_colors_info=&#8220;{}&#8220;][dipi_breadcrumbs bc_home_icon=&#8220;on&#8220; bc_schema=&#8220;off&#8220; _builder_version=&#8220;4.6.5&#8243; _module_preset=&#8220;default&#8220; _i=&#8220;0&#8243; _address=&#8220;1.0.0.0&#8243; \/][\/et_pb_column][\/et_pb_row][\/et_pb_section][et_pb_section fb_built=&#8220;1&#8243; _builder_version=&#8220;4.16&#8243; _module_preset=&#8220;default&#8220; custom_padding=&#8220;0px||||false|false&#8220; global_colors_info=&#8220;{}&#8220;][et_pb_row column_structure=&#8220;1_2,1_2&#8243; _builder_version=&#8220;4.16&#8243; _module_preset=&#8220;default&#8220; max_width=&#8220;80%&#8220; global_colors_info=&#8220;{}&#8220;][et_pb_column type=&#8220;1_2&#8243; _builder_version=&#8220;4.16&#8243; _module_preset=&#8220;default&#8220; global_colors_info=&#8220;{}&#8220;][et_pb_text _builder_version=&#8220;4.16&#8243; text_font=&#8220;||||||||&#8220; header_font=&#8220;||||||||&#8220; header_3_font=&#8220;Karla|700||on|||||&#8220; header_3_text_color=&#8220;#55ac41&#8243; header_3_font_size=&#8220;16px&#8220; header_3_letter_spacing=&#8220;1px&#8220; background_layout=&#8220;dark&#8220; max_width=&#8220;600px&#8220; module_alignment=&#8220;left&#8220; custom_margin=&#8220;||20px|&#8220; locked=&#8220;off&#8220; global_colors_info=&#8220;{}&#8220;]<\/p>\n<h3>Umbau und Sanierung<\/h3>\n<p>[\/et_pb_text][et_pb_text _builder_version=&#8220;4.27.6&#8243; text_font=&#8220;Poppins||||||||&#8220; text_text_color=&#8220;#262626&#8243; text_font_size=&#8220;18px&#8220; text_line_height=&#8220;1.8em&#8220; header_font=&#8220;Poppins||||||||&#8220; header_text_color=&#8220;#262626&#8243; header_font_size=&#8220;38px&#8220; header_line_height=&#8220;1.4em&#8220; header_2_font=&#8220;||||||||&#8220; header_3_font=&#8220;||||||||&#8220; max_width=&#8220;600px&#8220; hover_enabled=&#8220;0&#8243; header_font_size_tablet=&#8220;40px&#8220; header_font_size_phone=&#8220;26px&#8220; header_font_size_last_edited=&#8220;on|tablet&#8220; locked=&#8220;off&#8220; global_colors_info=&#8220;{}&#8220; sticky_enabled=&#8220;0&#8243;]<\/p>\n<h1>Umbau und Anbau<\/h1>\n<p>Neben der architektonischen Gestaltung neuer Bauwerke, nehmen wir uns auch der Sanierung, Modernisierung und dem Umbau bereits bestehender Objekte an.<br \/>Egal ob Sie Ihre Immobilie erweitern, sie <a href=\"\/?page_id=103\/\">engergetisch zukunftsf\u00e4hig<\/a> machen oder ihr einfach ein neues Erscheinungsbild verpassen wollen: Bei uns sind Sie an der richtigen Adresse, sprechen SIe uns unverbindlich an!<br \/><strong><a href=\"\/?page_id=133\/\">Wir freuen uns auf Sie!<\/a><\/strong><\/p>\n<p>[\/et_pb_text][\/et_pb_column][et_pb_column type=&#8220;1_2&#8243; _builder_version=&#8220;4.16&#8243; _module_preset=&#8220;default&#8220; global_colors_info=&#8220;{}&#8220;][\/et_pb_column][\/et_pb_row][\/et_pb_section][et_pb_section fb_built=&#8220;1&#8243; disabled_on=&#8220;on|on|on&#8220; _builder_version=&#8220;4.16&#8243; _module_preset=&#8220;default&#8220; custom_padding=&#8220;0px||||false|false&#8220; disabled=&#8220;on&#8220; global_colors_info=&#8220;{}&#8220;][et_pb_row column_structure=&#8220;1_2,1_2&#8243; _builder_version=&#8220;4.16&#8243; _module_preset=&#8220;default&#8220; max_width=&#8220;80%&#8220; global_colors_info=&#8220;{}&#8220;][et_pb_column type=&#8220;1_2&#8243; _builder_version=&#8220;4.16&#8243; _module_preset=&#8220;default&#8220; global_colors_info=&#8220;{}&#8220;][et_pb_text _builder_version=&#8220;4.16&#8243; text_font=&#8220;||||||||&#8220; header_font=&#8220;||||||||&#8220; header_3_font=&#8220;Karla|700||on|||||&#8220; header_3_text_color=&#8220;#55ac41&#8243; header_3_font_size=&#8220;16px&#8220; header_3_letter_spacing=&#8220;1px&#8220; background_layout=&#8220;dark&#8220; max_width=&#8220;600px&#8220; module_alignment=&#8220;left&#8220; custom_margin=&#8220;||20px|&#8220; locked=&#8220;off&#8220; global_colors_info=&#8220;{}&#8220;]<\/p>\n<h3>Umbau und Sanierung<\/h3>\n<p>[\/et_pb_text][et_pb_text _builder_version=&#8220;4.16&#8243; text_font=&#8220;Poppins||||||||&#8220; text_text_color=&#8220;#262626&#8243; text_font_size=&#8220;18px&#8220; text_line_height=&#8220;1.8em&#8220; header_font=&#8220;Poppins||||||||&#8220; header_text_color=&#8220;#262626&#8243; header_font_size=&#8220;38px&#8220; header_line_height=&#8220;1.4em&#8220; header_2_font=&#8220;||||||||&#8220; header_3_font=&#8220;||||||||&#8220; max_width=&#8220;600px&#8220; header_font_size_tablet=&#8220;40px&#8220; header_font_size_phone=&#8220;26px&#8220; header_font_size_last_edited=&#8220;on|tablet&#8220; locked=&#8220;off&#8220; global_colors_info=&#8220;{}&#8220;]<\/p>\n<h1>Umbau und Anbau<\/h1>\n<p>Neben der architektonischen Gestaltung neuer Bauwerke, nehmen wir uns auch der Sanierung, Modernisierung und dem Umbau bereits bestehender Objekte an.<br \/> Egal ob Sie Ihre Immobilie erweitern, sie <a href=\"\/energieberatung\">engergetisch zukunftsf\u00e4hig<\/a>\u00a0machen oder ihr einfach ein neues Erscheinungsbild verpassen wollen: Bei uns sind Sie an der richtigen Adresse.<\/p>\n<p>[\/et_pb_text][\/et_pb_column][et_pb_column type=&#8220;1_2&#8243; _builder_version=&#8220;4.16&#8243; _module_preset=&#8220;default&#8220; global_colors_info=&#8220;{}&#8220;][dipi_masonry_gallery images=&#8220;1416,1415,1414,1413,1376&#8243; gallery_orderby=&#8220;rand&#8220; use_overlay=&#8220;on&#8220; hover_icon=&#8220;%%13%%&#8220; columns=&#8220;3&#8243; overlay_icon_color=&#8220;#FFFFFF&#8220; _builder_version=&#8220;4.9.0&#8243; _module_preset=&#8220;default&#8220; _i=&#8220;0&#8243; _address=&#8220;3.0.1.0&#8243; \/][\/et_pb_column][\/et_pb_row][\/et_pb_section]<\/p>\n","protected":false},"excerpt":{"rendered":"<p>[dipi_breadcrumbs bc_home_icon=&#8220;on&#8220; bc_schema=&#8220;off&#8220; _builder_version=&#8220;4.6.5&#8243; _module_preset=&#8220;default&#8220; _i=&#8220;0&#8243; _address=&#8220;1.0.0.0&#8243; \/]Umbau und SanierungUmbau und Anbau Neben der architektonischen Gestaltung neuer Bauwerke, nehmen wir uns auch der Sanierung, Modernisierung und dem Umbau bereits bestehender Objekte an.Egal ob Sie Ihre Immobilie erweitern, sie engergetisch zukunftsf\u00e4hig machen oder ihr einfach ein neues Erscheinungsbild verpassen wollen: Bei uns sind Sie an der [&hellip;]<\/p>\n","protected":false},"author":1,"featured_media":1494,"parent":0,"menu_order":0,"comment_status":"closed","ping_status":"closed","template":"","meta":{"_et_pb_use_builder":"on","_et_pb_old_content":"","_et_gb_content_width":"","footnotes":""},"class_list":["post-94","page","type-page","status-publish","has-post-thumbnail","hentry"],"yoast_head":"<!-- This site is optimized with the Yoast SEO plugin v22.9 - https:\/\/yoast.com\/wordpress\/plugins\/seo\/ -->\n<title>Architekten FWSP in Holzgerlingen: Umbau\/Sanierung<\/title>\n<meta name=\"description\" content=\"Ob Umbau oder Sanierung: Sie profitieren von der 40-j\u00e4hrigen Erfahrung der Architekten FSWP auf diesem Gebiet.\" \/>\n<meta name=\"robots\" content=\"index, follow, max-snippet:-1, max-image-preview:large, max-video-preview:-1\" \/>\n<link rel=\"canonical\" href=\"https:\/\/architekten-fwsp.de\/?page_id=94\" \/>\n<meta property=\"og:locale\" content=\"de_DE\" \/>\n<meta property=\"og:type\" content=\"article\" \/>\n<meta property=\"og:title\" content=\"Architekten FWSP in Holzgerlingen: Umbau\/Sanierung\" \/>\n<meta property=\"og:description\" content=\"Ob Umbau oder Sanierung: Sie profitieren von der 40-j\u00e4hrigen Erfahrung der Architekten FSWP auf diesem Gebiet.\" \/>\n<meta property=\"og:url\" content=\"https:\/\/architekten-fwsp.de\/?page_id=94\" \/>\n<meta property=\"og:site_name\" content=\"Architekten FWSP\" \/>\n<meta property=\"article:modified_time\" content=\"2026-03-03T09:59:11+00:00\" \/>\n<meta property=\"og:image\" content=\"https:\/\/architekten-fwsp.de\/wp-content\/uploads\/2021\/02\/umbau-vorschau.jpg\" \/>\n\t<meta property=\"og:image:width\" content=\"1200\" \/>\n\t<meta property=\"og:image:height\" content=\"800\" \/>\n\t<meta property=\"og:image:type\" content=\"image\/jpeg\" \/>\n<meta name=\"twitter:card\" content=\"summary_large_image\" \/>\n<meta name=\"twitter:label1\" content=\"Gesch\u00e4tzte Lesezeit\" \/>\n\t<meta name=\"twitter:data1\" content=\"1\u00a0Minute\" \/>\n<script type=\"application\/ld+json\" class=\"yoast-schema-graph\">{\"@context\":\"https:\/\/schema.org\",\"@graph\":[{\"@type\":\"WebPage\",\"@id\":\"https:\/\/architekten-fwsp.de\/?page_id=94\",\"url\":\"https:\/\/architekten-fwsp.de\/?page_id=94\",\"name\":\"Architekten FWSP in Holzgerlingen: Umbau\/Sanierung\",\"isPartOf\":{\"@id\":\"https:\/\/architekten-fwsp.de\/#website\"},\"primaryImageOfPage\":{\"@id\":\"https:\/\/architekten-fwsp.de\/?page_id=94#primaryimage\"},\"image\":{\"@id\":\"https:\/\/architekten-fwsp.de\/?page_id=94#primaryimage\"},\"thumbnailUrl\":\"https:\/\/architekten-fwsp.de\/wp-content\/uploads\/2021\/02\/umbau-vorschau.jpg\",\"datePublished\":\"2020-09-23T12:26:59+00:00\",\"dateModified\":\"2026-03-03T09:59:11+00:00\",\"description\":\"Ob Umbau oder Sanierung: Sie profitieren von der 40-j\u00e4hrigen Erfahrung der Architekten FSWP auf diesem Gebiet.\",\"breadcrumb\":{\"@id\":\"https:\/\/architekten-fwsp.de\/?page_id=94#breadcrumb\"},\"inLanguage\":\"de\",\"potentialAction\":[{\"@type\":\"ReadAction\",\"target\":[\"https:\/\/architekten-fwsp.de\/?page_id=94\"]}]},{\"@type\":\"ImageObject\",\"inLanguage\":\"de\",\"@id\":\"https:\/\/architekten-fwsp.de\/?page_id=94#primaryimage\",\"url\":\"https:\/\/architekten-fwsp.de\/wp-content\/uploads\/2021\/02\/umbau-vorschau.jpg\",\"contentUrl\":\"https:\/\/architekten-fwsp.de\/wp-content\/uploads\/2021\/02\/umbau-vorschau.jpg\",\"width\":1200,\"height\":800,\"caption\":\"Vorschaubild Umbau\"},{\"@type\":\"BreadcrumbList\",\"@id\":\"https:\/\/architekten-fwsp.de\/?page_id=94#breadcrumb\",\"itemListElement\":[{\"@type\":\"ListItem\",\"position\":1,\"name\":\"Startseite\",\"item\":\"https:\/\/architekten-fwsp.de\/\"},{\"@type\":\"ListItem\",\"position\":2,\"name\":\"Umbau\/Sanierung\"}]},{\"@type\":\"WebSite\",\"@id\":\"https:\/\/architekten-fwsp.de\/#website\",\"url\":\"https:\/\/architekten-fwsp.de\/\",\"name\":\"Architekten FWSP\",\"description\":\"Ihr Architekturb\u00fcro f\u00fcr Wohnbau, Gewerbebau, \u00f6ffentliche Bauten, Sanierungen und f\u00fcr Energieberatung\",\"potentialAction\":[{\"@type\":\"SearchAction\",\"target\":{\"@type\":\"EntryPoint\",\"urlTemplate\":\"https:\/\/architekten-fwsp.de\/?s={search_term_string}\"},\"query-input\":\"required name=search_term_string\"}],\"inLanguage\":\"de\"}]}<\/script>\n<!-- \/ Yoast SEO plugin. -->","yoast_head_json":{"title":"Architekten FWSP in Holzgerlingen: Umbau\/Sanierung","description":"Ob Umbau oder Sanierung: Sie profitieren von der 40-j\u00e4hrigen Erfahrung der Architekten FSWP auf diesem Gebiet.","robots":{"index":"index","follow":"follow","max-snippet":"max-snippet:-1","max-image-preview":"max-image-preview:large","max-video-preview":"max-video-preview:-1"},"canonical":"https:\/\/architekten-fwsp.de\/?page_id=94","og_locale":"de_DE","og_type":"article","og_title":"Architekten FWSP in Holzgerlingen: Umbau\/Sanierung","og_description":"Ob Umbau oder Sanierung: Sie profitieren von der 40-j\u00e4hrigen Erfahrung der Architekten FSWP auf diesem Gebiet.","og_url":"https:\/\/architekten-fwsp.de\/?page_id=94","og_site_name":"Architekten FWSP","article_modified_time":"2026-03-03T09:59:11+00:00","og_image":[{"width":1200,"height":800,"url":"https:\/\/architekten-fwsp.de\/wp-content\/uploads\/2021\/02\/umbau-vorschau.jpg","type":"image\/jpeg"}],"twitter_card":"summary_large_image","twitter_misc":{"Gesch\u00e4tzte Lesezeit":"1\u00a0Minute"},"schema":{"@context":"https:\/\/schema.org","@graph":[{"@type":"WebPage","@id":"https:\/\/architekten-fwsp.de\/?page_id=94","url":"https:\/\/architekten-fwsp.de\/?page_id=94","name":"Architekten FWSP in Holzgerlingen: Umbau\/Sanierung","isPartOf":{"@id":"https:\/\/architekten-fwsp.de\/#website"},"primaryImageOfPage":{"@id":"https:\/\/architekten-fwsp.de\/?page_id=94#primaryimage"},"image":{"@id":"https:\/\/architekten-fwsp.de\/?page_id=94#primaryimage"},"thumbnailUrl":"https:\/\/architekten-fwsp.de\/wp-content\/uploads\/2021\/02\/umbau-vorschau.jpg","datePublished":"2020-09-23T12:26:59+00:00","dateModified":"2026-03-03T09:59:11+00:00","description":"Ob Umbau oder Sanierung: Sie profitieren von der 40-j\u00e4hrigen Erfahrung der Architekten FSWP auf diesem Gebiet.","breadcrumb":{"@id":"https:\/\/architekten-fwsp.de\/?page_id=94#breadcrumb"},"inLanguage":"de","potentialAction":[{"@type":"ReadAction","target":["https:\/\/architekten-fwsp.de\/?page_id=94"]}]},{"@type":"ImageObject","inLanguage":"de","@id":"https:\/\/architekten-fwsp.de\/?page_id=94#primaryimage","url":"https:\/\/architekten-fwsp.de\/wp-content\/uploads\/2021\/02\/umbau-vorschau.jpg","contentUrl":"https:\/\/architekten-fwsp.de\/wp-content\/uploads\/2021\/02\/umbau-vorschau.jpg","width":1200,"height":800,"caption":"Vorschaubild Umbau"},{"@type":"BreadcrumbList","@id":"https:\/\/architekten-fwsp.de\/?page_id=94#breadcrumb","itemListElement":[{"@type":"ListItem","position":1,"name":"Startseite","item":"https:\/\/architekten-fwsp.de\/"},{"@type":"ListItem","position":2,"name":"Umbau\/Sanierung"}]},{"@type":"WebSite","@id":"https:\/\/architekten-fwsp.de\/#website","url":"https:\/\/architekten-fwsp.de\/","name":"Architekten FWSP","description":"Ihr Architekturb\u00fcro f\u00fcr Wohnbau, Gewerbebau, \u00f6ffentliche Bauten, Sanierungen und f\u00fcr Energieberatung","potentialAction":[{"@type":"SearchAction","target":{"@type":"EntryPoint","urlTemplate":"https:\/\/architekten-fwsp.de\/?s={search_term_string}"},"query-input":"required name=search_term_string"}],"inLanguage":"de"}]}},"_links":{"self":[{"href":"https:\/\/architekten-fwsp.de\/index.php?rest_route=\/wp\/v2\/pages\/94","targetHints":{"allow":["GET"]}}],"collection":[{"href":"https:\/\/architekten-fwsp.de\/index.php?rest_route=\/wp\/v2\/pages"}],"about":[{"href":"https:\/\/architekten-fwsp.de\/index.php?rest_route=\/wp\/v2\/types\/page"}],"author":[{"embeddable":true,"href":"https:\/\/architekten-fwsp.de\/index.php?rest_route=\/wp\/v2\/users\/1"}],"replies":[{"embeddable":true,"href":"https:\/\/architekten-fwsp.de\/index.php?rest_route=%2Fwp%2Fv2%2Fcomments&post=94"}],"version-history":[{"count":20,"href":"https:\/\/architekten-fwsp.de\/index.php?rest_route=\/wp\/v2\/pages\/94\/revisions"}],"predecessor-version":[{"id":1754,"href":"https:\/\/architekten-fwsp.de\/index.php?rest_route=\/wp\/v2\/pages\/94\/revisions\/1754"}],"wp:featuredmedia":[{"embeddable":true,"href":"https:\/\/architekten-fwsp.de\/index.php?rest_route=\/wp\/v2\/media\/1494"}],"wp:attachment":[{"href":"https:\/\/architekten-fwsp.de\/index.php?rest_route=%2Fwp%2Fv2%2Fmedia&parent=94"}],"curies":[{"name":"wp","href":"https:\/\/api.w.org\/{rel}","templated":true}]}}